{"id":19542,"date":"2018-05-08T12:38:37","date_gmt":"2018-05-08T10:38:37","guid":{"rendered":"https:\/\/www.888sp.com\/it\/?page_id=19542"},"modified":"2024-07-05T09:09:22","modified_gmt":"2024-07-05T07:09:22","slug":"novapa-bdap-cloud","status":"publish","type":"page","link":"https:\/\/www.888sp.com\/it\/novapa-bdap-cloud\/","title":{"rendered":"NovaPA BDAP Cloud"},"content":{"rendered":"<div id='' class='hide-mobile' style='position: absolute; width:100%; height:450px; background-color:#EAEAEA; background-image: url(https:\/\/www.888sp.com\/it\/wp-content\/uploads\/2018\/05\/Slide_LP_NovaPA_BDAP-02.png); background-position:center top; background-repeat:no-repeat; background-size:cover; left: 0; z-index: -50; margin:-30px 0px 0px 0px;'><\/div>\n<div style=\"float: left; width: 50%; height: auto; margin-right: 30px; padding: 50px 0px 150px;\">\n<h3 class='titolo_post'><span style=\"color: #222222; font-size: 28px !important; font-weight: 600 !important; letter-spacing: -1px !important; line-height: 30px; margin-bottom: 10px; text-transform: uppercase;\"><span style=\"font-weight: 600 !important;\">Trasmetti con facilit\u00e0 i dati delle<\/span><br \/>\nOpere del tuo Ente alla <span style=\"color: #d32f4d;\">BDAP<\/span><\/span><\/h3>\n<h2 class='sottotitolo_post'>Prova la soluzione per le PA sottoposte al <span style=\"color: #d32f4d;\">D.Lgs. 229\/11<\/span>.<\/h2>\n<div class='spazio-testo'><\/div>\n<p><span class='testo_post'>Affidati a <strong>NovaPA BDAP Cloud<\/strong>, il sistema gestionale informatizzato che consente di raggiungere velocemente l\u2019obiettivo di rendicontazione, anche grazie ai servizi di supporto operativo e di inserimento dati.<\/span><br \/>\n<a class=\"btn btn-blu fancybox-iframe\" style=\"background-color: #fff; color: #38c!important; border: 1px solid #e0e0e0!important; width: auto; font-size: 18px; padding: 8px 20px; margin-top: 30px; text-decoration: none;\" href=\"https:\/\/www.888sp.com\/it\/obblighi-normativi-con-novapa-non-sono-piu-un-problema\/\">Guarda il video<\/a><\/div>\n<div class='cb'><\/div>\n<div class='ktcol12'>\n<div class='ktcol5' style='width:50%; height:auto; padding:0px 20px 0px 0px; margin:; background-color:; box-sizing:border-box;'>\n<p><span class='testo_post'><strong>NOVAPA BDAP CLOUD<\/strong><\/span><br \/>\n<span class='testo_post'>NovaPA BDAP \u00e8 la piattaforma in Cloud che soddisfa le esigenze di rendicontazione e monitoraggio delle Opere Pubbliche al Ministero delle Economie e Finanze secondo quanto richiesto dal D. Lgs. 229\/2011.<\/p>\n<p><strong>La piattaforma consente di detenere un sistema gestionale informatizzato, demandare al sistema il trattamento dei dati e la loro predisposizione per il caricamento massivo delle informazioni<\/strong> alla Banca Dati delle Amministrazioni Pubbliche.<br \/>\nNovaPA BDAP Cloud, inoltre, <strong>\u00e8 direttamente disponibile da qualsiasi postazione di lavoro<\/strong> grazie ad una semplice connessione internet senza alcuna installazione, e accessibile da pi\u00f9 utenti oltre che dal singolo responsabile.<\/p>\n<p>Con la nostra piattaforma puoi:<br \/>\n&#8211; raccogliere e trasmettere i dati alla BDAP, come richiesto dal D.lgs. 229\/2011;<br \/>\n&#8211; inviare massivamente i dati, secondo le modalit\u00e0 completa e semplificata;<br \/>\n&#8211; effettuare la verifica e la completezza dei dati inseriti prima dell\u2019invio;<br \/>\n&#8211; monitorare lo stato delle trasmissioni inviate e da inviare;<br \/>\n&#8211; adempiere agli obblighi di trasparenza ai sensi del D.lgs. 97\/2016, guadagnando un notevole risparmio in tempi e costi;<br \/>\n&#8211; riutilizzare i dati per altre rendicontazioni con l\u2019ampliamento dei moduli del sistema.<br \/>\n<\/span><\/p>\n<p><span class='testo_post'><strong>I SERVIZI OFFERTI<\/strong><\/span><br \/>\n<span class='testo_post'>Considerata la mole di lavoro dovuta all\u2019inserimento dei dati e per aiutarti a rispondere velocemente agli obblighi imposti dalla BDAP, ti proponiamo i seguenti servizi da erogare presso la sede del tuo Ente:<br \/>\n<span style=\"color: #d32f4d;\">&#8211; 1 giornata di 6 ore per l\u2019attivit\u00e0 di analisi e normalizzazione dei dati;<br \/>\n&#8211; 5 interventi da 4 ore per l\u2019attivit\u00e0 di inserimento dati;<br \/>\n&#8211; 2 giornate da 6 ore per l\u2019attivit\u00e0 di formazione personalizzata.<\/span><br \/>\n<\/span><\/p>\n<p><span class='testo_post'><strong>COSA PREVEDONO I SERVIZI OFFERTI<\/strong><\/span><br \/>\n<span class='testo_post'>I servizi di supporto prevedono:<br \/>\n&#8211; registrazione sul portale BDAP per l\u2019attivazione della procedura BATCH MOP;<br \/>\n&#8211; analisi dati ed estrazione dei report dal portale BDAP;<br \/>\n&#8211; chiusura dei CUP sul portale del DIPE;<br \/>\n&#8211; esclusione dei CUP sul portale BDAP, con conseguente aumento delle percentuali di adempienza;<br \/>\n&#8211; associazione dei CUP ai CIG sui sistemi SIMOG e SMARTCIG;<br \/>\n&#8211; caricamento dati nel sistema gestionale informatizzato NovaPA BDAP Cloud;<br \/>\n&#8211; estrazione del file dati e successiva trasmissione alla BDAP, tramite la procedura BATCH MOP;<br \/>\n&#8211; acquisizione dei file dati dei partecipanti alle gare e successiva trasmissione alla BDAP, tramite la procedura MOP APP;<br \/>\n&#8211; formazione personalizzata per rendere gli operatori autonomi nell\u2019utilizzo del sistema.<br \/>\n<\/span><\/p>\n<p><span class='testo_post'><strong>CONTATTACI<\/strong><\/span><br \/>\n<span class='testo_post'>Per saperne di pi\u00f9 su NovaPA BDAP Cloud compila il form a lato oppure chiamaci dal luned\u00ec al venerd\u00ec, dalle 9:00 alle 13:00 e dalle 14:30 alle 18:30:<br \/>\n<img decoding=\"async\" class=\"alignnone size-full wp-image-18868\" src=\"https:\/\/www.888sp.com\/it\/wp-content\/uploads\/2017\/09\/Numero_Verde_SF.png\" alt=\"\" width=\"128\" height=\"47\" \/><br \/>\n<\/span><\/p>\n<\/div>\n<div class='ktcol4' style='float:right; width:40%; height:auto; padding:30px 30px 0px; margin:; background-color:#EAEAEA; box-sizing:border-box;'>\n<h3 class='titolo_post'>Richiedi informazioni<\/h3>\n<div class='spazio-testo'><\/div>\n<p><span class='testo_post'>Sei interessato a parlare con un nostro esperto in merito a NovaPA BDAP Cloud? Compila i seguenti campi e invia la richiesta al nostro personale.<\/p>\n<p><\/span><\/p>\n<div class=\"wpcf7 no-js\" id=\"wpcf7-f19559-o1\" lang=\"en-US\" dir=\"ltr\" data-wpcf7-id=\"19559\">\n<div class=\"screen-reader-response\">\n<p role=\"status\" aria-live=\"polite\" aria-atomic=\"true\">\n<ul><\/ul>\n<\/div>\n<form action=\"\/it\/wp-json\/wp\/v2\/pages\/19542#wpcf7-f19559-o1\" method=\"post\" class=\"wpcf7-form init\" aria-label=\"Contact form\" novalidate=\"novalidate\" data-status=\"init\">\n<fieldset class=\"hidden-fields-container\"><input type=\"hidden\" name=\"_wpcf7\" value=\"19559\" \/><input type=\"hidden\" name=\"_wpcf7_version\" value=\"6.1.5\" \/><input type=\"hidden\" name=\"_wpcf7_locale\" value=\"en_US\" \/><input type=\"hidden\" name=\"_wpcf7_unit_tag\" value=\"wpcf7-f19559-o1\" \/><input type=\"hidden\" name=\"_wpcf7_container_post\" value=\"0\" \/><input type=\"hidden\" name=\"_wpcf7_posted_data_hash\" value=\"\" \/><input type=\"hidden\" name=\"_wpcf7_recaptcha_response\" value=\"\" \/><br \/>\n<\/fieldset>\n<div id=\"contactform\" style=\"width:100%; margin:0 auto;\">\n<p>Ragione Sociale Ente (obbligatorio)<br \/>\n<span class=\"wpcf7-form-control-wrap\" data-name=\"ragione-sociale\"><input size=\"40\" maxlength=\"400\" class=\"wpcf7-form-control wpcf7-text wpcf7-validates-as-required\" aria-required=\"true\" aria-invalid=\"false\" value=\"\" type=\"text\" name=\"ragione-sociale\" \/><\/span>\n\t<\/p>\n<p>Nome e Cognome (obbligatorio)<br \/>\n<span class=\"wpcf7-form-control-wrap\" data-name=\"your-name\"><input size=\"40\" maxlength=\"400\" class=\"wpcf7-form-control wpcf7-text wpcf7-validates-as-required\" aria-required=\"true\" aria-invalid=\"false\" value=\"\" type=\"text\" name=\"your-name\" \/><\/span>\n\t<\/p>\n<p>Telefono (obbligatorio)<br \/>\n<span class=\"wpcf7-form-control-wrap\" data-name=\"telefono\"><input size=\"40\" maxlength=\"400\" class=\"wpcf7-form-control wpcf7-tel wpcf7-validates-as-required wpcf7-text wpcf7-validates-as-tel\" aria-required=\"true\" aria-invalid=\"false\" value=\"\" type=\"tel\" name=\"telefono\" \/><\/span>\n\t<\/p>\n<p>Email (obbligatorio)<br \/>\n<span class=\"wpcf7-form-control-wrap\" data-name=\"your-email\"><input size=\"40\" maxlength=\"400\" class=\"wpcf7-form-control wpcf7-email wpcf7-validates-as-required wpcf7-text wpcf7-validates-as-email\" aria-required=\"true\" aria-invalid=\"false\" value=\"\" type=\"email\" name=\"your-email\" \/><\/span>\n\t<\/p>\n<div class=\"cb\">\n\t<\/div>\n<p><span class=\"wpcf7-form-control-wrap\" data-name=\"acceptance-110\"><span class=\"wpcf7-form-control wpcf7-acceptance\"><span class=\"wpcf7-list-item\"><input type=\"checkbox\" name=\"acceptance-110\" value=\"1\" checked=\"checked\" aria-invalid=\"false\" \/><\/span><\/span><\/span> &nbsp; Consento l&#8217;uso dei dati personali &#8211; <a href=\"https:\/\/www.888sp.com\/infolegali\/pdf\/888SP_Politica_Privacy_Informativa.pdf\" target=\"_blank\">Privacy<\/a>\n\t<\/p>\n<p><input class=\"wpcf7-form-control wpcf7-submit has-spinner\" type=\"submit\" value=\"Invia richiesta\" \/>\n\t<\/p>\n<\/div>\n<p style=\"display: none !important;\" class=\"akismet-fields-container\" data-prefix=\"_wpcf7_ak_\"><label>&#916;<textarea name=\"_wpcf7_ak_hp_textarea\" cols=\"45\" rows=\"8\" maxlength=\"100\"><\/textarea><\/label><input type=\"hidden\" id=\"ak_js_1\" name=\"_wpcf7_ak_js\" value=\"202\"\/><script type=\"text\/javascript\">\n\/* <![CDATA[ *\/\ndocument.getElementById( \"ak_js_1\" ).setAttribute( \"value\", ( new Date() ).getTime() );\n\/* ]]> *\/\n<\/script>\n<\/p>\n<div class=\"wpcf7-response-output\" aria-hidden=\"true\"><\/div>\n<\/form>\n<\/div>\n<\/div>\n<\/div>\n<div class='cb'><\/div>\n<style>\n.unslider-nav ol {border-top:1px solid #eee;}<br \/>\n.text-left {text-align: left !important;padding-left:10px;}<br \/>\n.pesca {color: rgb(234,85,103) !important;}<br \/>\n.testo_post { font-family: Open Sans, Lucida Sans Unicode, Lucida Grande, sans-serif !important; font-size: 14px !important; line-height: 24px!important; color: #333!important; font-weight: 400!important;}<br \/>\n.btn { display: inline-block; margin-bottom: 0; font-weight: normal; text-align: center; vertical-align: middle; -ms-touch-action: manipulation; touch-action: manipulation; cursor: pointer; background-image: none; font-family:Open Sans, sans-serif!important; font-weight:normal!important;}<br \/>\n.btn-blu, a.btn-blu {font-family:Open Sans, sans-serif!important; font-weight:normal!important;}<br \/>\n.btn-pesca { background-color: rgb(234,85,103) !important; }<br \/>\n.titolo_post_medium {font-size:17px!important;}<br \/>\n.text-left {padding-left:10px;}<br \/>\n.border-active{border-bottom:6px solid #FFF !important;}<br \/>\n.item-hover {float:left; width:110px; height:115px;margin-right:50px;text-align:center;cursor:pointer;border-bottom:6px solid rgba(255,255,255,.5);}<br \/>\n.titolo_post_xsmall { font-size: 15px !important; padding-top: 6px!important; font-weight: 500!important; color: #000!important; }<br \/>\nth {font-weight:normal!important;}<br \/>\ntd {padding:5px 0px; text-align:center;}<br \/>\ntr:nth-child(even) {background: #ffffff}<br \/>\ntr:nth-child(odd) {background: #f6f6f6}<br \/>\n.text-left {padding-left:10px;}<br \/>\n.optin {width:8px;height:8px;background-color:#222;border-radius:100%;-webkit-border-radius:100%;-moz-border-radius:100%;margin:0 auto;}<br \/>\n.optout {width:8px;height:8px;background-color:#c06;border-radius:100%;-webkit-border-radius:100%;-moz-border-radius:100%;margin:0 auto;}<br \/>\n<\/style>\n","protected":false},"excerpt":{"rendered":"<p>Guarda il video<\/p>\n","protected":false},"author":3,"featured_media":0,"parent":0,"menu_order":1,"comment_status":"closed","ping_status":"closed","template":"page-landingpage.php","meta":{"om_disable_all_campaigns":false,"_uag_custom_page_level_css":"","ghostkit_customizer_options":"","ghostkit_custom_css":"","ghostkit_custom_js_head":"","ghostkit_custom_js_foot":"","ghostkit_typography":"","_monsterinsights_skip_tracking":false,"_monsterinsights_sitenote_active":false,"_monsterinsights_sitenote_note":"","_monsterinsights_sitenote_category":0,"footnotes":""},"class_list":["post-19542","page","type-page","status-publish","hentry"],"aioseo_notices":[],"uagb_featured_image_src":{"full":false,"thumbnail":false,"medium":false,"medium_large":false,"large":false,"1536x1536":false,"2048x2048":false,"post-thumbnail":false,"blog-thumb":false,"single-thumb":false,"portfolio":false,"portfolio-one-col":false,"portfolio-two-col":false,"portfolio-six-col":false,"services":false,"team":false,"loop-thumb":false,"masonry-thumb":false},"uagb_author_info":{"display_name":"Mariella","author_link":"https:\/\/www.888sp.com\/it\/author\/mariella\/"},"uagb_comment_info":0,"uagb_excerpt":"Guarda il video","_links":{"self":[{"href":"https:\/\/www.888sp.com\/it\/wp-json\/wp\/v2\/pages\/19542","targetHints":{"allow":["GET"]}}],"collection":[{"href":"https:\/\/www.888sp.com\/it\/wp-json\/wp\/v2\/pages"}],"about":[{"href":"https:\/\/www.888sp.com\/it\/wp-json\/wp\/v2\/types\/page"}],"author":[{"embeddable":true,"href":"https:\/\/www.888sp.com\/it\/wp-json\/wp\/v2\/users\/3"}],"replies":[{"embeddable":true,"href":"https:\/\/www.888sp.com\/it\/wp-json\/wp\/v2\/comments?post=19542"}],"version-history":[{"count":38,"href":"https:\/\/www.888sp.com\/it\/wp-json\/wp\/v2\/pages\/19542\/revisions"}],"predecessor-version":[{"id":23528,"href":"https:\/\/www.888sp.com\/it\/wp-json\/wp\/v2\/pages\/19542\/revisions\/23528"}],"wp:attachment":[{"href":"https:\/\/www.888sp.com\/it\/wp-json\/wp\/v2\/media?parent=19542"}],"curies":[{"name":"wp","href":"https:\/\/api.w.org\/{rel}","templated":true}]}}