{"id":26305,"date":"2022-01-03T13:06:11","date_gmt":"2022-01-03T12:06:11","guid":{"rendered":"https:\/\/www.888sp.com\/it\/?page_id=26305"},"modified":"2024-07-05T09:07:42","modified_gmt":"2024-07-05T07:07:42","slug":"cookie-policy-3","status":"publish","type":"page","link":"https:\/\/www.888sp.com\/it\/cookie-policy-3\/","title":{"rendered":"Cookie Policy"},"content":{"rendered":"<div class=\"cli_pg_page_contaner\">\n<h3>About this cookie policy<\/h3>\n<div>This Cookie Policy explains what cookies are and how we use them, the types of cookies we use i.e, the information we collect using cookies and how that information is used, and how to control the cookie preferences. For further information on how we use, store, and keep your personal data secure, see our Privacy Policy.<\/p>\n<p>You can at any time change or withdraw your consent from the Cookie Declaration on our website<br \/>\nLearn more about who we are, how you can contact us, and how we process personal data in our Privacy Policy.<br \/>\nYour consent applies to the following domains: www.888sp.com<\/p>\n<div class=\"cli_user_consent_state\">Il tuo stato attuale: Non \u00e8 stato concesso alcun consenso. <a class=\"cli_manage_current_consent\" style=\"cursor:pointer;text-decoration:underline;\">Gestisci il tuo consenso.<\/a> <\/div>\n<\/div>\n<h3>What are cookies ?<\/h3>\n<div>Cookies are small text files that are used to store small pieces of information. They are stored on your device when the website is loaded on your browser. These cookies help us make the website function properly, make it more secure, provide better user experience, and understand how the website performs and to analyze what works and where it needs improvement.<\/div>\n<h3>How do we use cookies ?<\/h3>\n<div>As most of the online services, our website uses first-party and third-party cookies for several purposes. First-party cookies are mostly necessary for the website to function the right way, and they do not collect any of your personally identifiable data.<\/p>\n<p>The third-party cookies used on our website are mainly for understanding how the website performs, how you interact with our website, keeping our services secure, providing advertisements that are relevant to you, and all in all providing you with a better and improved user experience and help speed up your future interactions with our website.<\/p>\n<\/div>\n<h3>What types of cookies do we use ?<\/h3>\n<div>Essential: Some cookies are essential for you to be able to experience the full functionality of our site. They allow us to maintain user sessions and prevent any security threats. They do not collect or store any personal information. For example, these cookies allow you to log-in to your account and add products to your basket, and checkout securely.<\/p>\n<p>Statistics: These cookies store information like the number of visitors to the website, the number of unique visitors, which pages of the website have been visited, the source of the visit, etc. These data help us understand and analyze how well the website performs and where it needs improvement.<\/p>\n<p>Marketing: Our website displays advertisements. These cookies are used to personalize the advertisements that we show to you so that they are meaningful to you. These cookies also help us keep track of the efficiency of these ad campaigns.<br \/>\nThe information stored in these cookies may also be used by the third-party ad providers to show you ads on other websites on the browser as well.<\/p>\n<p>Functional: TThese are the cookies that help certain non-essential functionalities on our website. These functionalities include embedding content like videos or sharing content of the website on social media platforms.<\/p>\n<p>Preferences: These cookies help us store your settings and browsing preferences like language preferences so that you have a better and efficient experience on future visits to the website.<\/p>\n<p>The below list details the cookies used in our website.<\/p>\n<table class=\"cookielawinfo-row-cat-table cookielawinfo-classic\">\n<thead>\n<tr>\n<th class=\"cookielawinfo-column-1\">Cookie<\/th>\n<th class=\"cookielawinfo-column-4\">Descrizione<\/th>\n<\/tr>\n<\/thead>\n<tbody>\n<tr class=\"cookielawinfo-row\">\n<td class=\"cookielawinfo-column-1\">CONSENT<\/td>\n<td class=\"cookielawinfo-column-4\">YouTube imposta questo cookie tramite video incorporati e registra dati statistici anonimi.<\/td>\n<\/tr>\n<tr class=\"cookielawinfo-row\">\n<td class=\"cookielawinfo-column-1\">cookielawinfo-checkbox-advertisement<\/td>\n<td class=\"cookielawinfo-column-4\">Questo cookie viene utilizzato per registrare il consenso dell&#8217;utente per i cookie nella categoria &#8220;Pubblicit\u00e0&#8221;.<\/td>\n<\/tr>\n<tr class=\"cookielawinfo-row\">\n<td class=\"cookielawinfo-column-1\">cookielawinfo-checkbox-analytics<\/td>\n<td class=\"cookielawinfo-column-4\">Questo cookie viene utilizzato per registrare il consenso dell&#8217;utente per i cookie nella categoria &#8220;Analitici&#8221;.<\/td>\n<\/tr>\n<tr class=\"cookielawinfo-row\">\n<td class=\"cookielawinfo-column-1\">cookielawinfo-checkbox-functional<\/td>\n<td class=\"cookielawinfo-column-4\">Il cookie \u00e8 impostato per registrare il consenso dell&#8217;utente per i cookie nella categoria &#8220;Funzionali&#8221;.<\/td>\n<\/tr>\n<tr class=\"cookielawinfo-row\">\n<td class=\"cookielawinfo-column-1\">cookielawinfo-checkbox-necessary<\/td>\n<td class=\"cookielawinfo-column-4\">Questo cookie viene utilizzato per registrare il consenso dell&#8217;utente per i cookie nella categoria &#8220;Necessari&#8221;.<\/td>\n<\/tr>\n<tr class=\"cookielawinfo-row\">\n<td class=\"cookielawinfo-column-1\">cookielawinfo-checkbox-others<\/td>\n<td class=\"cookielawinfo-column-4\">Questo cookie viene utilizzato per memorizzare il consenso dell&#8217;utente per i cookie nella categoria &#8220;Altri&#8221;.<\/td>\n<\/tr>\n<tr class=\"cookielawinfo-row\">\n<td class=\"cookielawinfo-column-1\">cookielawinfo-checkbox-performance<\/td>\n<td class=\"cookielawinfo-column-4\">Questo cookie viene utilizzato per memorizzare il consenso dell&#8217;utente per i cookie nella categoria &#8220;Prestazioni&#8221;.<\/td>\n<\/tr>\n<tr class=\"cookielawinfo-row\">\n<td class=\"cookielawinfo-column-1\">CookieLawInfoConsent<\/td>\n<td class=\"cookielawinfo-column-4\">No description<\/td>\n<\/tr>\n<tr class=\"cookielawinfo-row\">\n<td class=\"cookielawinfo-column-1\">PHPSESSID<\/td>\n<td class=\"cookielawinfo-column-4\">Questo cookie \u00e8 nativo delle applicazioni PHP. Il cookie viene utilizzato per memorizzare e identificare l&#8217;ID di sessione univoco dell&#8217;utente allo scopo di gestire la sessione dell&#8217;utente sul sito web. Il cookie \u00e8 un cookie di sessione e viene cancellato alla chiusura di tutte le finestre del browser.<\/td>\n<\/tr>\n<tr class=\"cookielawinfo-row\">\n<td class=\"cookielawinfo-column-1\">VISITOR_INFO1_LIVE<\/td>\n<td class=\"cookielawinfo-column-4\">Un cookie impostato da YouTube per misurare la larghezza di banda che determina se l&#8217;utente ottiene la nuova o la vecchia interfaccia del lettore.<\/td>\n<\/tr>\n<tr class=\"cookielawinfo-row\">\n<td class=\"cookielawinfo-column-1\">YSC<\/td>\n<td class=\"cookielawinfo-column-4\">Il cookie YSC \u00e8 impostato da Youtube e viene utilizzato per tenere traccia delle visualizzazioni dei video incorporati nelle pagine di Youtube.<\/td>\n<\/tr>\n<tr class=\"cookielawinfo-row\">\n<td class=\"cookielawinfo-column-1\">yt-remote-connected-devices<\/td>\n<td class=\"cookielawinfo-column-4\">YouTube imposta questo cookie per memorizzare le preferenze video dell&#8217;utente utilizzando il video YouTube incorporato.<\/td>\n<\/tr>\n<tr class=\"cookielawinfo-row\">\n<td class=\"cookielawinfo-column-1\">yt-remote-device-id<\/td>\n<td class=\"cookielawinfo-column-4\">YouTube imposta questo cookie per memorizzare le preferenze video dell&#8217;utente utilizzando il video YouTube incorporato.<\/td>\n<\/tr>\n<tr class=\"cookielawinfo-row\">\n<td class=\"cookielawinfo-column-1\">yt.innertube::nextId<\/td>\n<td class=\"cookielawinfo-column-4\">Questo cookie, impostato da YouTube, registra un ID univoco per memorizzare i dati su quali video di YouTube ha visto l&#8217;utente.<\/td>\n<\/tr>\n<tr class=\"cookielawinfo-row\">\n<td class=\"cookielawinfo-column-1\">yt.innertube::requests<\/td>\n<td class=\"cookielawinfo-column-4\">Questo cookie, impostato da YouTube, registra un ID univoco per memorizzare i dati su quali video di YouTube ha visto l&#8217;utente.<\/td>\n<\/tr>\n<tr class=\"cookielawinfo-row\">\n<td class=\"cookielawinfo-column-1\">_ga<\/td>\n<td class=\"cookielawinfo-column-4\">Il cookie _ga, installato da Google Analytics, calcola i dati di visitatori, sessioni e campagne e tiene anche traccia dell&#8217;utilizzo del sito per il report di analisi del sito. Il cookie memorizza le informazioni in modo anonimo e assegna un numero generato casualmente per riconoscere i visitatori unici.<\/td>\n<\/tr>\n<tr class=\"cookielawinfo-row\">\n<td class=\"cookielawinfo-column-1\">_gat_gtag_UA_115563569_1<\/td>\n<td class=\"cookielawinfo-column-4\">Impostato da Google per distinguere gli utenti.<\/td>\n<\/tr>\n<tr class=\"cookielawinfo-row\">\n<td class=\"cookielawinfo-column-1\">_gid<\/td>\n<td class=\"cookielawinfo-column-4\">Installato da Google Analytics, il cookie _gid memorizza informazioni su come i visitatori utilizzano un sito web, creando anche un report analitico delle prestazioni del sito web. Alcuni dei dati raccolti includono il numero di visitatori, la loro fonte e le pagine che visitano in modo anonimo.<\/td>\n<\/tr>\n<tr class=\"cookielawinfo-row\">\n<td class=\"cookielawinfo-column-1\">_hjAbsoluteSessionInProgress<\/td>\n<td class=\"cookielawinfo-column-4\">Hotjar imposta questo cookie per rilevare la prima sessione di visualizzazione di pagina di un utente. Questo \u00e8 un flag Vero\/Falso impostato dal cookie.<\/td>\n<\/tr>\n<tr class=\"cookielawinfo-row\">\n<td class=\"cookielawinfo-column-1\">_hjFirstSeen<\/td>\n<td class=\"cookielawinfo-column-4\">Hotjar imposta questo cookie per identificare la prima sessione di un nuovo utente. Memorizza un valore vero\/falso, che indica se \u00e8 stata la prima volta che Hotjar ha visto questo utente.<\/td>\n<\/tr>\n<tr class=\"cookielawinfo-row\">\n<td class=\"cookielawinfo-column-1\">_hjIncludedInPageviewSample<\/td>\n<td class=\"cookielawinfo-column-4\">Hotjar imposta questo cookie per sapere se un utente \u00e8 incluso nel campionamento dei dati definito dal limite di visualizzazioni di pagina del sito.<\/td>\n<\/tr>\n<tr class=\"cookielawinfo-row\">\n<td class=\"cookielawinfo-column-1\">_hjSessionUser_810576<\/td>\n<td class=\"cookielawinfo-column-4\">No description<\/td>\n<\/tr>\n<tr class=\"cookielawinfo-row\">\n<td class=\"cookielawinfo-column-1\">_hjSession_810576<\/td>\n<td class=\"cookielawinfo-column-4\">No description<\/td>\n<\/tr>\n<tr class=\"cookielawinfo-row\">\n<td class=\"cookielawinfo-column-1\">_hjTLDTest<\/td>\n<td class=\"cookielawinfo-column-4\">Usato per determinare il percorso del cookie pi\u00f9 generico da utilizzare al posto del nome host della pagina, Hotjar imposta il cookie _hjTLDTest per memorizzare diverse alternative di sottostringa dell&#8217;URL fino a quando non fallisce.<\/td>\n<\/tr>\n<\/tbody>\n<\/table>\n<\/div>\n<h3>Come posso controllare le preferenze sui cookie?<\/h3>\n<div>Se decidi di modificare le tue preferenze in un secondo momento durante la sessione di navigazione, puoi fare clic sulla scheda &#8220;Privacy &amp; Cookie Policy&#8221; sullo schermo. Questo visualizzer\u00e0 nuovamente l&#8217;avviso di consenso che ti consentir\u00e0 di modificare le tue preferenze o ritirare completamente il tuo consenso. Oltre a ci\u00f2, browser diversi forniscono metodi diversi per bloccare ed eliminare i cookie utilizzati dai siti web. Puoi modificare le impostazioni del tuo browser per bloccare\/cancellare i cookie. Per saperne di pi\u00f9 su come gestire ed eliminare i cookie, visitat wikipedia.org, www.allaboutcookies.org.<\/div>\n<\/div>\n","protected":false},"excerpt":{"rendered":"<p>About this cookie policy This Cookie Policy explains what cookies are and how we use them, the types of cookies we use i.e, the information we collect using cookies and [&hellip;]<\/p>\n","protected":false},"author":1004,"featured_media":0,"parent":0,"menu_order":0,"comment_status":"closed","ping_status":"closed","template":"","meta":{"om_disable_all_campaigns":false,"_uag_custom_page_level_css":"","ghostkit_customizer_options":"","ghostkit_custom_css":"","ghostkit_custom_js_head":"","ghostkit_custom_js_foot":"","ghostkit_typography":"","_monsterinsights_skip_tracking":false,"_monsterinsights_sitenote_active":false,"_monsterinsights_sitenote_note":"","_monsterinsights_sitenote_category":0,"footnotes":""},"class_list":["post-26305","page","type-page","status-publish","hentry"],"aioseo_notices":[],"uagb_featured_image_src":{"full":false,"thumbnail":false,"medium":false,"medium_large":false,"large":false,"1536x1536":false,"2048x2048":false,"post-thumbnail":false,"blog-thumb":false,"single-thumb":false,"portfolio":false,"portfolio-one-col":false,"portfolio-two-col":false,"portfolio-six-col":false,"services":false,"team":false,"loop-thumb":false,"masonry-thumb":false},"uagb_author_info":{"display_name":"Roberto Pizzo","author_link":"https:\/\/www.888sp.com\/it\/author\/robertop\/"},"uagb_comment_info":0,"uagb_excerpt":"About this cookie policy This Cookie Policy explains what cookies are and how we use them, the types of cookies we use i.e, the information we collect using cookies and [&hellip;]","_links":{"self":[{"href":"https:\/\/www.888sp.com\/it\/wp-json\/wp\/v2\/pages\/26305","targetHints":{"allow":["GET"]}}],"collection":[{"href":"https:\/\/www.888sp.com\/it\/wp-json\/wp\/v2\/pages"}],"about":[{"href":"https:\/\/www.888sp.com\/it\/wp-json\/wp\/v2\/types\/page"}],"author":[{"embeddable":true,"href":"https:\/\/www.888sp.com\/it\/wp-json\/wp\/v2\/users\/1004"}],"replies":[{"embeddable":true,"href":"https:\/\/www.888sp.com\/it\/wp-json\/wp\/v2\/comments?post=26305"}],"version-history":[{"count":1,"href":"https:\/\/www.888sp.com\/it\/wp-json\/wp\/v2\/pages\/26305\/revisions"}],"predecessor-version":[{"id":26306,"href":"https:\/\/www.888sp.com\/it\/wp-json\/wp\/v2\/pages\/26305\/revisions\/26306"}],"wp:attachment":[{"href":"https:\/\/www.888sp.com\/it\/wp-json\/wp\/v2\/media?parent=26305"}],"curies":[{"name":"wp","href":"https:\/\/api.w.org\/{rel}","templated":true}]}}