{"id":42006,"date":"2024-09-16T17:45:39","date_gmt":"2024-09-16T15:45:39","guid":{"rendered":"https:\/\/www.888sp.com\/it\/?page_id=42006"},"modified":"2024-10-02T15:31:24","modified_gmt":"2024-10-02T13:31:24","slug":"novita-saie-2024","status":"publish","type":"page","link":"https:\/\/www.888sp.com\/it\/novita-saie-2024\/","title":{"rendered":"novit\u00e0 SAIE 2024"},"content":{"rendered":"\t\t<div data-elementor-type=\"wp-page\" data-elementor-id=\"42006\" class=\"elementor elementor-42006\" data-elementor-post-type=\"page\">\n\t\t\t\t<div class=\"elementor-element elementor-element-68e7531 e-con-full e-flex e-con e-parent\" data-id=\"68e7531\" data-element_type=\"container\" data-e-type=\"container\">\n\t\t\t\t<div class=\"elementor-element elementor-element-9842c35 elementor-widget elementor-widget-slider_revolution\" data-id=\"9842c35\" data-element_type=\"widget\" data-e-type=\"widget\" data-widget_type=\"slider_revolution.default\">\n\t\t\t\t<div class=\"elementor-widget-container\">\n\t\t\t\t\t\n\t\t<div class=\"wp-block-themepunch-revslider\"><script>console.log(\"SAIE 2024: No active slides found\")<\/script><\/div>\n\n\t\t\t\t\t\t<\/div>\n\t\t\t\t<\/div>\n\t\t\t\t<\/div>\n\t\t<div class=\"elementor-element elementor-element-35f6f55 e-flex e-con-boxed e-con e-parent\" data-id=\"35f6f55\" data-element_type=\"container\" data-e-type=\"container\">\n\t\t\t\t\t<div class=\"e-con-inner\">\n\t\t<div class=\"elementor-element elementor-element-07f8edd e-con-full e-flex elementor-invisible e-con e-child\" data-id=\"07f8edd\" data-element_type=\"container\" data-e-type=\"container\" data-settings=\"{&quot;animation&quot;:&quot;fadeInLeft&quot;,&quot;animation_delay&quot;:800}\">\n\t\t\t\t<div class=\"elementor-element elementor-element-bd8853c elementor-widget elementor-widget-heading\" data-id=\"bd8853c\" data-element_type=\"widget\" data-e-type=\"widget\" data-widget_type=\"heading.default\">\n\t\t\t\t<div class=\"elementor-widget-container\">\n\t\t\t\t\t<h2 class=\"elementor-heading-title elementor-size-default\">Il futuro dell'edilizia ti aspetta al SAIE con <span style=\"color: #FF6500\">888SP<\/span>! Sei pronto al cambiamento?<\/h2>\t\t\t\t<\/div>\n\t\t\t\t<\/div>\n\t\t\t\t<div class=\"elementor-element elementor-element-2089a73 elementor-widget elementor-widget-text-editor\" data-id=\"2089a73\" data-element_type=\"widget\" data-e-type=\"widget\" data-widget_type=\"text-editor.default\">\n\t\t\t\t<div class=\"elementor-widget-container\">\n\t\t\t\t\t\t\t\t\t<p>SAIE, \u00e8 tempo di novit\u00e0 firmate 888SP!<br \/>Ti aspettiamo nel <strong>settore &#8220;Progettazione e Digitalizzazione&#8221;, PAD. 25 &#8211; STAND A90<\/strong> per presentarti l&#8217;esclusivo ecosistema digitale in cloud <strong>8BIM PLATFORM<\/strong>, pensato per far collaborare l&#8217;intera filiera delle Costruzioni in un ambiente sicuro e accessibile da qualsiasi dispositivo. Passa a un livello superiore nella gestione dei tuoi progetti!<\/p><p><strong>Funzionalit\u00e0 base \/ avanzate<\/strong><br \/>&#8211; Interoperabilit\u00e0 openBIM<br \/>&#8211; Ambiente di condivisione dati<br \/>&#8211; Gestione digitale dei processi informativi\u00a0<\/p><p><strong>Estensioni Web App<\/strong><br \/>&#8211; Computo Metrico<br \/>&#8211; Contabilit\u00e0 Lavori<br \/>&#8211; Giornale Lavori<br \/>&#8211; &#8230;<\/p><p><strong>Estensioni Sistemi<\/strong><br \/>&#8211; ERP<br \/>&#8211; FM &#8211; Manutenzione<br \/>&#8211; CAM<br \/>&#8211; &#8230;<\/p><p><strong>CDE \/ ACDAT per Stazioni Appaltanti<\/strong><br \/>&#8211; Conformit\u00e0 al Decreto BIM e al Nuovo Codice degli Appalti<\/p><p><strong>Servizi BIM<\/strong><br \/>&#8211; Formazione<br \/>&#8211; Consulenza<br \/>&#8211; Certificazioni<\/p>\t\t\t\t\t\t\t\t<\/div>\n\t\t\t\t<\/div>\n\t\t\t\t<\/div>\n\t\t<div class=\"elementor-element elementor-element-2383782 e-con-full e-flex elementor-invisible e-con e-child\" data-id=\"2383782\" data-element_type=\"container\" data-e-type=\"container\" data-settings=\"{&quot;background_background&quot;:&quot;classic&quot;,&quot;animation&quot;:&quot;fadeInRight&quot;,&quot;animation_delay&quot;:900}\">\n\t\t\t\t<div class=\"elementor-element elementor-element-6897460 elementor-invisible elementor-widget elementor-widget-image\" data-id=\"6897460\" data-element_type=\"widget\" data-e-type=\"widget\" data-settings=\"{&quot;_animation&quot;:&quot;fadeInDown&quot;,&quot;_animation_delay&quot;:600}\" data-widget_type=\"image.default\">\n\t\t\t\t<div class=\"elementor-widget-container\">\n\t\t\t\t\t\t\t\t\t\t\t\t\t\t\t<img fetchpriority=\"high\" decoding=\"async\" width=\"300\" height=\"222\" src=\"https:\/\/www.888sp.com\/it\/wp-content\/uploads\/2024\/09\/SAIE2024-300x222.webp\" class=\"attachment-medium size-medium wp-image-42117\" alt=\"\" srcset=\"https:\/\/www.888sp.com\/it\/wp-content\/uploads\/2024\/09\/SAIE2024-300x222.webp 300w, https:\/\/www.888sp.com\/it\/wp-content\/uploads\/2024\/09\/SAIE2024-310x229.webp 310w, https:\/\/www.888sp.com\/it\/wp-content\/uploads\/2024\/09\/SAIE2024.webp 600w\" sizes=\"(max-width: 300px) 100vw, 300px\" \/>\t\t\t\t\t\t\t\t\t\t\t\t\t\t\t<\/div>\n\t\t\t\t<\/div>\n\t\t\t\t<div class=\"elementor-element elementor-element-7b2b76f elementor-invisible elementor-widget elementor-widget-icon-box\" data-id=\"7b2b76f\" data-element_type=\"widget\" data-e-type=\"widget\" data-settings=\"{&quot;_animation&quot;:&quot;flash&quot;,&quot;_animation_delay&quot;:800}\" data-widget_type=\"icon-box.default\">\n\t\t\t\t<div class=\"elementor-widget-container\">\n\t\t\t\t\t\t\t<div class=\"elementor-icon-box-wrapper\">\n\n\t\t\t\n\t\t\t\t\t\t<div class=\"elementor-icon-box-content\">\n\n\t\t\t\t\n\t\t\t\t\t\t\t\t\t<p class=\"elementor-icon-box-description\">\n\t\t\t\t\t\tCHIEDI SUBITO IL TUO <\/BR>\n<span style=\"color: #FF6500\">BIGLIETTO OMAGGIO<\/span>\t\t\t\t\t<\/p>\n\t\t\t\t\n\t\t\t<\/div>\n\t\t\t\n\t\t<\/div>\n\t\t\t\t\t\t<\/div>\n\t\t\t\t<\/div>\n\t\t\t\t<div class=\"elementor-element elementor-element-0fc63c4 elementor-button-align-stretch elementor-widget elementor-widget-form\" data-id=\"0fc63c4\" data-element_type=\"widget\" data-e-type=\"widget\" data-settings=\"{&quot;step_next_label&quot;:&quot;Successivo&quot;,&quot;step_previous_label&quot;:&quot;Precedente&quot;,&quot;button_width&quot;:&quot;100&quot;,&quot;step_type&quot;:&quot;number_text&quot;,&quot;step_icon_shape&quot;:&quot;circle&quot;}\" data-widget_type=\"form.default\">\n\t\t\t\t<div class=\"elementor-widget-container\">\n\t\t\t\t\t\t\t<form class=\"elementor-form\" method=\"post\" id=\"SAIE2024_FREE_PASS\" name=\"Nuovo modulo Ticket SAIE 2024\" aria-label=\"Nuovo modulo Ticket SAIE 2024\">\n\t\t\t<input type=\"hidden\" name=\"post_id\" value=\"42006\"\/>\n\t\t\t<input type=\"hidden\" name=\"form_id\" value=\"0fc63c4\"\/>\n\t\t\t<input type=\"hidden\" name=\"referer_title\" value=\"Novit\u00e0 888 Software Products al SAIE 2024 I Bologna, 9-12\/10\" \/>\n\n\t\t\t\t\t\t\t<input type=\"hidden\" name=\"queried_id\" value=\"42006\"\/>\n\t\t\t\n\t\t\t<div class=\"elementor-form-fields-wrapper elementor-labels-above\">\n\t\t\t\t\t\t\t\t<div class=\"elementor-field-type-radio elementor-field-group elementor-column elementor-field-group-name elementor-col-100\">\n\t\t\t\t\t\t\t\t\t\t\t\t<label for=\"form-field-name\" class=\"elementor-field-label\">\n\t\t\t\t\t\t\t\tSETTORE DI MERCATO\t\t\t\t\t\t\t<\/label>\n\t\t\t\t\t\t<div class=\"elementor-field-subgroup  \"><span class=\"elementor-field-option\"><input type=\"radio\" value=\"Impresa\" id=\"form-field-name-0\" name=\"form_fields[name]\"> <label for=\"form-field-name-0\">Impresa<\/label><\/span><span class=\"elementor-field-option\"><input type=\"radio\" value=\"Pubblica Amministrazione\" id=\"form-field-name-1\" name=\"form_fields[name]\"> <label for=\"form-field-name-1\">Pubblica Amministrazione<\/label><\/span><span class=\"elementor-field-option\"><input type=\"radio\" value=\"Societ\u00e0 di Architettura\/Ingegneria\" id=\"form-field-name-2\" name=\"form_fields[name]\"> <label for=\"form-field-name-2\">Societ\u00e0 di Architettura\/Ingegneria<\/label><\/span><span class=\"elementor-field-option\"><input type=\"radio\" value=\"Studio Tecnico\" id=\"form-field-name-3\" name=\"form_fields[name]\"> <label for=\"form-field-name-3\">Studio Tecnico<\/label><\/span><span class=\"elementor-field-option\"><input type=\"radio\" value=\"Altro\" id=\"form-field-name-4\" name=\"form_fields[name]\"> <label for=\"form-field-name-4\">Altro<\/label><\/span><\/div>\t\t\t\t<\/div>\n\t\t\t\t\t\t\t\t<div class=\"elementor-field-type-text elementor-field-group elementor-column elementor-field-group-field_8a991b6 elementor-col-100 elementor-field-required\">\n\t\t\t\t\t\t\t\t\t\t\t\t<label for=\"form-field-field_8a991b6\" class=\"elementor-field-label\">\n\t\t\t\t\t\t\t\tRAGIONE SOCIALE*\t\t\t\t\t\t\t<\/label>\n\t\t\t\t\t\t\t\t\t\t\t\t\t\t<input size=\"1\" type=\"text\" name=\"form_fields[field_8a991b6]\" id=\"form-field-field_8a991b6\" class=\"elementor-field elementor-size-sm  elementor-field-textual\" placeholder=\"Nome Studio, Impresa, Ente, ecc.\" required=\"required\">\n\t\t\t\t\t\t\t\t\t\t\t<\/div>\n\t\t\t\t\t\t\t\t<div class=\"elementor-field-type-text elementor-field-group elementor-column elementor-field-group-field_41f07f5 elementor-col-100 elementor-field-required\">\n\t\t\t\t\t\t\t\t\t\t\t\t<label for=\"form-field-field_41f07f5\" class=\"elementor-field-label\">\n\t\t\t\t\t\t\t\tINDIRIZZO*\t\t\t\t\t\t\t<\/label>\n\t\t\t\t\t\t\t\t\t\t\t\t\t\t<input size=\"1\" type=\"text\" name=\"form_fields[field_41f07f5]\" id=\"form-field-field_41f07f5\" class=\"elementor-field elementor-size-sm  elementor-field-textual\" placeholder=\"Via\/piazza, nr. civico, citt\u00e0 e provincia\" required=\"required\">\n\t\t\t\t\t\t\t\t\t\t\t<\/div>\n\t\t\t\t\t\t\t\t<div class=\"elementor-field-type-text elementor-field-group elementor-column elementor-field-group-field_e37ff50 elementor-col-50 elementor-field-required\">\n\t\t\t\t\t\t\t\t\t\t\t\t<label for=\"form-field-field_e37ff50\" class=\"elementor-field-label\">\n\t\t\t\t\t\t\t\tNOME*\t\t\t\t\t\t\t<\/label>\n\t\t\t\t\t\t\t\t\t\t\t\t\t\t<input size=\"1\" type=\"text\" name=\"form_fields[field_e37ff50]\" id=\"form-field-field_e37ff50\" class=\"elementor-field elementor-size-sm  elementor-field-textual\" placeholder=\"Nome\" required=\"required\">\n\t\t\t\t\t\t\t\t\t\t\t<\/div>\n\t\t\t\t\t\t\t\t<div class=\"elementor-field-type-text elementor-field-group elementor-column elementor-field-group-field_b778a62 elementor-col-50 elementor-field-required\">\n\t\t\t\t\t\t\t\t\t\t\t\t<label for=\"form-field-field_b778a62\" class=\"elementor-field-label\">\n\t\t\t\t\t\t\t\tCOGNOME*\t\t\t\t\t\t\t<\/label>\n\t\t\t\t\t\t\t\t\t\t\t\t\t\t<input size=\"1\" type=\"text\" name=\"form_fields[field_b778a62]\" id=\"form-field-field_b778a62\" class=\"elementor-field elementor-size-sm  elementor-field-textual\" placeholder=\"Cognome\" required=\"required\">\n\t\t\t\t\t\t\t\t\t\t\t<\/div>\n\t\t\t\t\t\t\t\t<div class=\"elementor-field-type-email elementor-field-group elementor-column elementor-field-group-email elementor-col-50 elementor-field-required\">\n\t\t\t\t\t\t\t\t\t\t\t\t<label for=\"form-field-email\" class=\"elementor-field-label\">\n\t\t\t\t\t\t\t\tEMAIL*\t\t\t\t\t\t\t<\/label>\n\t\t\t\t\t\t\t\t\t\t\t\t\t\t<input size=\"1\" type=\"email\" name=\"form_fields[email]\" id=\"form-field-email\" class=\"elementor-field elementor-size-sm  elementor-field-textual\" placeholder=\"Email\" required=\"required\">\n\t\t\t\t\t\t\t\t\t\t\t<\/div>\n\t\t\t\t\t\t\t\t<div class=\"elementor-field-type-number elementor-field-group elementor-column elementor-field-group-field_c00cdba elementor-col-50 elementor-field-required\">\n\t\t\t\t\t\t\t\t\t\t\t\t<label for=\"form-field-field_c00cdba\" class=\"elementor-field-label\">\n\t\t\t\t\t\t\t\tTELEFONO*\t\t\t\t\t\t\t<\/label>\n\t\t\t\t\t\t\t\t\t<input type=\"number\" name=\"form_fields[field_c00cdba]\" id=\"form-field-field_c00cdba\" class=\"elementor-field elementor-size-sm  elementor-field-textual\" placeholder=\"Fisso o mobile\" required=\"required\" min=\"\" max=\"\" >\n\t\t\t\t\t\t<\/div>\n\t\t\t\t\t\t\t\t<div class=\"elementor-field-type-acceptance elementor-field-group elementor-column elementor-field-group-message elementor-col-100 elementor-field-required\">\n\t\t\t\t\t\t\t<div class=\"elementor-field-subgroup\">\n\t\t\t<span class=\"elementor-field-option\">\n\t\t\t\t<input type=\"checkbox\" name=\"form_fields[message]\" id=\"form-field-message\" class=\"elementor-field elementor-size-sm  elementor-acceptance-field\" required=\"required\">\n\t\t\t\t<label for=\"form-field-message\">Ho letto e accetto le <a href=\"https:\/\/www.888sp.com\/infolegali\/pdf\/888SP_Condizioni_Generali_Uso_Sito_web.pdf\">Condizioni Generali d'Uso del Sito web (CGUS)<\/a> e la <a href=\"https:\/\/www.888sp.com\/infolegali\/pdf\/888SP_Politica_Privacy_Informativa.pdf\"> Politica di tutela della Privacy di 888SP<\/a><\/label>\t\t\t<\/span>\n\t\t<\/div>\n\t\t\t\t\t\t<\/div>\n\t\t\t\t\t\t\t\t<div class=\"elementor-field-group elementor-column elementor-field-type-submit elementor-col-100 e-form__buttons\">\n\t\t\t\t\t<button class=\"elementor-button elementor-size-sm elementor-animation-grow\" type=\"submit\">\n\t\t\t\t\t\t<span class=\"elementor-button-content-wrapper\">\n\t\t\t\t\t\t\t\t\t\t\t\t\t\t\t\t\t\t\t\t\t\t<span class=\"elementor-button-text\">Invia richiesta<\/span>\n\t\t\t\t\t\t\t\t\t\t\t\t\t<\/span>\n\t\t\t\t\t<\/button>\n\t\t\t\t<\/div>\n\t\t\t<\/div>\n\t\t<\/form>\n\t\t\t\t\t\t<\/div>\n\t\t\t\t<\/div>\n\t\t\t\t<div class=\"elementor-element elementor-element-01348d0 elementor-widget elementor-widget-text-editor\" data-id=\"01348d0\" data-element_type=\"widget\" data-e-type=\"widget\" data-widget_type=\"text-editor.default\">\n\t\t\t\t<div class=\"elementor-widget-container\">\n\t\t\t\t\t\t\t\t\t<p><span style=\"text-decoration: underline;\">N.B. La richiesta \u00e8 valida per 1 persona e d\u00e0 diritto a 1 biglietto omaggio. Ogni indirizzo email pu\u00f2 essere utilizzato una sola volta.<\/span><\/p><p>*Campi obbligatori.\u00a0<\/p>\t\t\t\t\t\t\t\t<\/div>\n\t\t\t\t<\/div>\n\t\t\t\t<\/div>\n\t\t\t\t\t<\/div>\n\t\t\t\t<\/div>\n\t\t<div class=\"elementor-element elementor-element-d5109ae e-flex e-con-boxed e-con e-parent\" data-id=\"d5109ae\" data-element_type=\"container\" data-e-type=\"container\">\n\t\t\t\t\t<div class=\"e-con-inner\">\n\t\t<div class=\"elementor-element elementor-element-e23eeda e-con-full e-flex elementor-invisible e-con e-child\" data-id=\"e23eeda\" data-element_type=\"container\" data-e-type=\"container\" data-settings=\"{&quot;animation&quot;:&quot;bounceInDown&quot;,&quot;animation_delay&quot;:200,&quot;background_background&quot;:&quot;classic&quot;}\">\n\t\t\t\t<div class=\"elementor-element elementor-element-d2bf14e elementor-view-default elementor-position-block-start elementor-mobile-position-block-start elementor-widget elementor-widget-icon-box\" data-id=\"d2bf14e\" data-element_type=\"widget\" data-e-type=\"widget\" data-widget_type=\"icon-box.default\">\n\t\t\t\t<div class=\"elementor-widget-container\">\n\t\t\t\t\t\t\t<div class=\"elementor-icon-box-wrapper\">\n\n\t\t\t\t\t\t<div class=\"elementor-icon-box-icon\">\n\t\t\t\t<span  class=\"elementor-icon elementor-animation-bounce-in\">\n\t\t\t\t<svg aria-hidden=\"true\" class=\"e-font-icon-svg e-far-map\" viewBox=\"0 0 576 512\" xmlns=\"http:\/\/www.w3.org\/2000\/svg\"><path d=\"M560.02 32c-1.96 0-3.98.37-5.96 1.16L384.01 96H384L212 35.28A64.252 64.252 0 0 0 191.76 32c-6.69 0-13.37 1.05-19.81 3.14L20.12 87.95A32.006 32.006 0 0 0 0 117.66v346.32C0 473.17 7.53 480 15.99 480c1.96 0 3.97-.37 5.96-1.16L192 416l172 60.71a63.98 63.98 0 0 0 40.05.15l151.83-52.81A31.996 31.996 0 0 0 576 394.34V48.02c0-9.19-7.53-16.02-15.98-16.02zM224 90.42l128 45.19v285.97l-128-45.19V90.42zM48 418.05V129.07l128-44.53v286.2l-.64.23L48 418.05zm480-35.13l-128 44.53V141.26l.64-.24L528 93.95v288.97z\"><\/path><\/svg>\t\t\t\t<\/span>\n\t\t\t<\/div>\n\t\t\t\n\t\t\t\t\t\t<div class=\"elementor-icon-box-content\">\n\n\t\t\t\t\t\t\t\t\t<p class=\"elementor-icon-box-title\">\n\t\t\t\t\t\t<span  >\n\t\t\t\t\t\t\tLuogo\t\t\t\t\t\t<\/span>\n\t\t\t\t\t<\/p>\n\t\t\t\t\n\t\t\t\t\t\t\t\t\t<p class=\"elementor-icon-box-description\">\n\t\t\t\t\t\tBolognaFiere, P.zza Costituzione n. 6\nIngresso: Nord I Ovest Costituzione\t\t\t\t\t<\/p>\n\t\t\t\t\n\t\t\t<\/div>\n\t\t\t\n\t\t<\/div>\n\t\t\t\t\t\t<\/div>\n\t\t\t\t<\/div>\n\t\t\t\t<\/div>\n\t\t<div class=\"elementor-element elementor-element-0514444 e-con-full e-flex elementor-invisible e-con e-child\" data-id=\"0514444\" data-element_type=\"container\" data-e-type=\"container\" data-settings=\"{&quot;animation&quot;:&quot;bounceInDown&quot;,&quot;animation_delay&quot;:400,&quot;background_background&quot;:&quot;classic&quot;}\">\n\t\t\t\t<div class=\"elementor-element elementor-element-a548bbf elementor-view-default elementor-position-block-start elementor-mobile-position-block-start elementor-widget elementor-widget-icon-box\" data-id=\"a548bbf\" data-element_type=\"widget\" data-e-type=\"widget\" data-widget_type=\"icon-box.default\">\n\t\t\t\t<div class=\"elementor-widget-container\">\n\t\t\t\t\t\t\t<div class=\"elementor-icon-box-wrapper\">\n\n\t\t\t\t\t\t<div class=\"elementor-icon-box-icon\">\n\t\t\t\t<span  class=\"elementor-icon elementor-animation-bounce-in\">\n\t\t\t\t<svg aria-hidden=\"true\" class=\"e-font-icon-svg e-far-calendar-alt\" viewBox=\"0 0 448 512\" xmlns=\"http:\/\/www.w3.org\/2000\/svg\"><path d=\"M148 288h-40c-6.6 0-12-5.4-12-12v-40c0-6.6 5.4-12 12-12h40c6.6 0 12 5.4 12 12v40c0 6.6-5.4 12-12 12zm108-12v-40c0-6.6-5.4-12-12-12h-40c-6.6 0-12 5.4-12 12v40c0 6.6 5.4 12 12 12h40c6.6 0 12-5.4 12-12zm96 0v-40c0-6.6-5.4-12-12-12h-40c-6.6 0-12 5.4-12 12v40c0 6.6 5.4 12 12 12h40c6.6 0 12-5.4 12-12zm-96 96v-40c0-6.6-5.4-12-12-12h-40c-6.6 0-12 5.4-12 12v40c0 6.6 5.4 12 12 12h40c6.6 0 12-5.4 12-12zm-96 0v-40c0-6.6-5.4-12-12-12h-40c-6.6 0-12 5.4-12 12v40c0 6.6 5.4 12 12 12h40c6.6 0 12-5.4 12-12zm192 0v-40c0-6.6-5.4-12-12-12h-40c-6.6 0-12 5.4-12 12v40c0 6.6 5.4 12 12 12h40c6.6 0 12-5.4 12-12zm96-260v352c0 26.5-21.5 48-48 48H48c-26.5 0-48-21.5-48-48V112c0-26.5 21.5-48 48-48h48V12c0-6.6 5.4-12 12-12h40c6.6 0 12 5.4 12 12v52h128V12c0-6.6 5.4-12 12-12h40c6.6 0 12 5.4 12 12v52h48c26.5 0 48 21.5 48 48zm-48 346V160H48v298c0 3.3 2.7 6 6 6h340c3.3 0 6-2.7 6-6z\"><\/path><\/svg>\t\t\t\t<\/span>\n\t\t\t<\/div>\n\t\t\t\n\t\t\t\t\t\t<div class=\"elementor-icon-box-content\">\n\n\t\t\t\t\t\t\t\t\t<p class=\"elementor-icon-box-title\">\n\t\t\t\t\t\t<span  >\n\t\t\t\t\t\t\tDurata \t\t\t\t\t\t<\/span>\n\t\t\t\t\t<\/p>\n\t\t\t\t\n\t\t\t\t\t\t\t\t\t<p class=\"elementor-icon-box-description\">\n\t\t\t\t\t\tDa mercoled\u00ec 9 a sabato 12 ottobre.\t\t\t\t\t<\/p>\n\t\t\t\t\n\t\t\t<\/div>\n\t\t\t\n\t\t<\/div>\n\t\t\t\t\t\t<\/div>\n\t\t\t\t<\/div>\n\t\t\t\t<\/div>\n\t\t<div class=\"elementor-element elementor-element-ba7ebea e-con-full e-flex elementor-invisible e-con e-child\" data-id=\"ba7ebea\" data-element_type=\"container\" data-e-type=\"container\" data-settings=\"{&quot;animation&quot;:&quot;bounceInDown&quot;,&quot;animation_delay&quot;:600,&quot;background_background&quot;:&quot;classic&quot;}\">\n\t\t\t\t<div class=\"elementor-element elementor-element-e72a7b3 elementor-view-default elementor-position-block-start elementor-mobile-position-block-start elementor-widget elementor-widget-icon-box\" data-id=\"e72a7b3\" data-element_type=\"widget\" data-e-type=\"widget\" data-widget_type=\"icon-box.default\">\n\t\t\t\t<div class=\"elementor-widget-container\">\n\t\t\t\t\t\t\t<div class=\"elementor-icon-box-wrapper\">\n\n\t\t\t\t\t\t<div class=\"elementor-icon-box-icon\">\n\t\t\t\t<span  class=\"elementor-icon elementor-animation-bounce-in\">\n\t\t\t\t<svg aria-hidden=\"true\" class=\"e-font-icon-svg e-far-clock\" viewBox=\"0 0 512 512\" xmlns=\"http:\/\/www.w3.org\/2000\/svg\"><path d=\"M256 8C119 8 8 119 8 256s111 248 248 248 248-111 248-248S393 8 256 8zm0 448c-110.5 0-200-89.5-200-200S145.5 56 256 56s200 89.5 200 200-89.5 200-200 200zm61.8-104.4l-84.9-61.7c-3.1-2.3-4.9-5.9-4.9-9.7V116c0-6.6 5.4-12 12-12h32c6.6 0 12 5.4 12 12v141.7l66.8 48.6c5.4 3.9 6.5 11.4 2.6 16.8L334.6 349c-3.9 5.3-11.4 6.5-16.8 2.6z\"><\/path><\/svg>\t\t\t\t<\/span>\n\t\t\t<\/div>\n\t\t\t\n\t\t\t\t\t\t<div class=\"elementor-icon-box-content\">\n\n\t\t\t\t\t\t\t\t\t<p class=\"elementor-icon-box-title\">\n\t\t\t\t\t\t<span  >\n\t\t\t\t\t\t\tOrario di apertura\t\t\t\t\t\t<\/span>\n\t\t\t\t\t<\/p>\n\t\t\t\t\n\t\t\t\t\t\t\t\t\t<p class=\"elementor-icon-box-description\">\n\t\t\t\t\t\tMercoled\u00ec, gioved\u00ec e venerd\u00ec: 9:00-17:30\nSabato: 9:00 - 17:00\t\t\t\t\t<\/p>\n\t\t\t\t\n\t\t\t<\/div>\n\t\t\t\n\t\t<\/div>\n\t\t\t\t\t\t<\/div>\n\t\t\t\t<\/div>\n\t\t\t\t<\/div>\n\t\t\t\t\t<\/div>\n\t\t\t\t<\/div>\n\t\t<div class=\"elementor-element elementor-element-e050214 e-flex e-con-boxed e-con e-parent\" data-id=\"e050214\" data-element_type=\"container\" data-e-type=\"container\">\n\t\t\t\t\t<div class=\"e-con-inner\">\n\t\t\t\t\t<\/div>\n\t\t\t\t<\/div>\n\t\t\t\t<\/div>\n\t\t","protected":false},"excerpt":{"rendered":"<p>Il futuro dell&#8217;edilizia ti aspetta al SAIE con 888SP! Sei pronto al cambiamento? SAIE, \u00e8 tempo di novit\u00e0 firmate 888SP!Ti aspettiamo nel settore &#8220;Progettazione e Digitalizzazione&#8221;, PAD. 25 &#8211; STAND [&hellip;]<\/p>\n","protected":false},"author":3,"featured_media":0,"parent":0,"menu_order":0,"comment_status":"closed","ping_status":"closed","template":"page-elementor-full.php","meta":{"om_disable_all_campaigns":false,"_uag_custom_page_level_css":"","ghostkit_customizer_options":"","ghostkit_custom_css":"","ghostkit_custom_js_head":"","ghostkit_custom_js_foot":"","ghostkit_typography":"","_monsterinsights_skip_tracking":false,"_monsterinsights_sitenote_active":false,"_monsterinsights_sitenote_note":"","_monsterinsights_sitenote_category":0,"footnotes":""},"class_list":["post-42006","page","type-page","status-publish","hentry"],"aioseo_notices":[],"uagb_featured_image_src":{"full":false,"thumbnail":false,"medium":false,"medium_large":false,"large":false,"1536x1536":false,"2048x2048":false,"post-thumbnail":false,"blog-thumb":false,"single-thumb":false,"portfolio":false,"portfolio-one-col":false,"portfolio-two-col":false,"portfolio-six-col":false,"services":false,"team":false,"loop-thumb":false,"masonry-thumb":false},"uagb_author_info":{"display_name":"Mariella","author_link":"https:\/\/www.888sp.com\/it\/author\/mariella\/"},"uagb_comment_info":0,"uagb_excerpt":"Il futuro dell&#8217;edilizia ti aspetta al SAIE con 888SP! Sei pronto al cambiamento? SAIE, \u00e8 tempo di novit\u00e0 firmate 888SP!Ti aspettiamo nel settore &#8220;Progettazione e Digitalizzazione&#8221;, PAD. 25 &#8211; STAND [&hellip;]","_links":{"self":[{"href":"https:\/\/www.888sp.com\/it\/wp-json\/wp\/v2\/pages\/42006","targetHints":{"allow":["GET"]}}],"collection":[{"href":"https:\/\/www.888sp.com\/it\/wp-json\/wp\/v2\/pages"}],"about":[{"href":"https:\/\/www.888sp.com\/it\/wp-json\/wp\/v2\/types\/page"}],"author":[{"embeddable":true,"href":"https:\/\/www.888sp.com\/it\/wp-json\/wp\/v2\/users\/3"}],"replies":[{"embeddable":true,"href":"https:\/\/www.888sp.com\/it\/wp-json\/wp\/v2\/comments?post=42006"}],"version-history":[{"count":3,"href":"https:\/\/www.888sp.com\/it\/wp-json\/wp\/v2\/pages\/42006\/revisions"}],"predecessor-version":[{"id":43175,"href":"https:\/\/www.888sp.com\/it\/wp-json\/wp\/v2\/pages\/42006\/revisions\/43175"}],"wp:attachment":[{"href":"https:\/\/www.888sp.com\/it\/wp-json\/wp\/v2\/media?parent=42006"}],"curies":[{"name":"wp","href":"https:\/\/api.w.org\/{rel}","templated":true}]}}