{"id":48842,"date":"2025-01-28T15:14:31","date_gmt":"2025-01-28T14:14:31","guid":{"rendered":"https:\/\/www.888sp.com\/it\/mastro-area-documentale-copy\/"},"modified":"2025-02-04T17:44:43","modified_gmt":"2025-02-04T16:44:43","slug":"mastro-area-documentale","status":"publish","type":"page","link":"https:\/\/www.888sp.com\/it\/mastro-area-documentale\/","title":{"rendered":"Mastro 6K &#8211; Area Documentale"},"content":{"rendered":"\t\t<div data-elementor-type=\"wp-page\" data-elementor-id=\"48842\" class=\"elementor elementor-48842\" data-elementor-post-type=\"page\">\n\t\t\t\t<div class=\"elementor-element elementor-element-1a6c9c2c e-con-full e-flex e-con e-parent\" data-id=\"1a6c9c2c\" data-element_type=\"container\" data-e-type=\"container\">\n\t\t\t\t<div class=\"elementor-element elementor-element-1d271552 elementor--h-position-center elementor--v-position-middle elementor-widget elementor-widget-slides\" data-id=\"1d271552\" data-element_type=\"widget\" data-e-type=\"widget\" data-settings=\"{&quot;navigation&quot;:&quot;none&quot;,&quot;transition&quot;:&quot;fade&quot;,&quot;transition_speed&quot;:500}\" data-widget_type=\"slides.default\">\n\t\t\t\t<div class=\"elementor-widget-container\">\n\t\t\t\t\t\t\t\t\t<div class=\"elementor-swiper\">\n\t\t\t\t\t<div class=\"elementor-slides-wrapper elementor-main-swiper swiper\" role=\"region\" aria-roledescription=\"carousel\" aria-label=\"Slides\" dir=\"ltr\" data-animation=\"fadeInUp\">\n\t\t\t\t<div class=\"swiper-wrapper elementor-slides\">\n\t\t\t\t\t\t\t\t\t\t<div class=\"elementor-repeater-item-289e3b0 swiper-slide\" role=\"group\" aria-roledescription=\"slide\"><div class=\"swiper-slide-bg elementor-ken-burns elementor-ken-burns--in\" role=\"img\" aria-label=\"Bkg_Slide_M6K\"><\/div><div class=\"elementor-background-overlay\"><\/div><div class=\"swiper-slide-inner\" ><div class=\"swiper-slide-contents\"><div class=\"elementor-slide-heading\">MASTRO 6K<\/div><div class=\"elementor-slide-description\">Area Documentale<\/div><\/div><\/div><\/div><div class=\"elementor-repeater-item-617afa4 swiper-slide\" role=\"group\" aria-roledescription=\"slide\"><div class=\"swiper-slide-bg\"><\/div><div class=\"swiper-slide-inner\" ><div class=\"swiper-slide-contents\"><div  class=\"elementor-button elementor-slide-button elementor-size-sm\">Clicca qui<\/div><\/div><\/div><\/div>\t\t\t\t<\/div>\n\t\t\t\t\t\t\t\t\t\t\t\t\t\t\t\t\t\t\t\t\t<\/div>\n\t\t\t\t<\/div>\n\t\t\t\t\t\t\t\t<\/div>\n\t\t\t\t<\/div>\n\t\t\t\t<\/div>\n\t\t<div class=\"elementor-element elementor-element-1b2c4dbc e-flex e-con-boxed e-con e-parent\" data-id=\"1b2c4dbc\" data-element_type=\"container\" data-e-type=\"container\" data-settings=\"{&quot;background_background&quot;:&quot;classic&quot;}\">\n\t\t\t\t\t<div class=\"e-con-inner\">\n\t\t<div class=\"elementor-element elementor-element-664853fb e-con-full e-flex elementor-invisible e-con e-child\" data-id=\"664853fb\" data-element_type=\"container\" data-e-type=\"container\" data-settings=\"{&quot;animation&quot;:&quot;fadeInLeft&quot;,&quot;animation_delay&quot;:200}\">\n\t\t\t\t<div class=\"elementor-element elementor-element-63e5919c elementor-widget elementor-widget-text-editor\" data-id=\"63e5919c\" data-element_type=\"widget\" data-e-type=\"widget\" data-widget_type=\"text-editor.default\">\n\t\t\t\t<div class=\"elementor-widget-container\">\n\t\t\t\t\t\t\t\t\t<p><a href=\"https:\/\/www.888sp.com\/it\/\">Home<\/a> \/ <a href=\"https:\/\/www.888sp.com\/it\/mastro-6k\/\">Mastro 6K<\/a> \/ <strong>Area Documentale<\/strong><\/p>\t\t\t\t\t\t\t\t<\/div>\n\t\t\t\t<\/div>\n\t\t\t\t<\/div>\n\t\t<div class=\"elementor-element elementor-element-19773bc9 e-con-full e-flex elementor-invisible e-con e-child\" data-id=\"19773bc9\" data-element_type=\"container\" data-e-type=\"container\" data-settings=\"{&quot;animation&quot;:&quot;fadeInLeft&quot;,&quot;animation_delay&quot;:800}\">\n\t\t\t\t<div class=\"elementor-element elementor-element-30e6a839 elementor-align-justify elementor-tablet-align-center elementor-widget elementor-widget-button\" data-id=\"30e6a839\" data-element_type=\"widget\" data-e-type=\"widget\" data-widget_type=\"button.default\">\n\t\t\t\t<div class=\"elementor-widget-container\">\n\t\t\t\t\t\t\t\t\t<div class=\"elementor-button-wrapper\">\n\t\t\t\t\t<a class=\"elementor-button elementor-button-link elementor-size-sm elementor-animation-grow\" href=\"tel:+390425471240\" target=\"_blank\">\n\t\t\t\t\t\t<span class=\"elementor-button-content-wrapper\">\n\t\t\t\t\t\t<span class=\"elementor-button-icon\">\n\t\t\t\t<svg aria-hidden=\"true\" class=\"e-font-icon-svg e-fas-phone-alt\" viewBox=\"0 0 512 512\" xmlns=\"http:\/\/www.w3.org\/2000\/svg\"><path d=\"M497.39 361.8l-112-48a24 24 0 0 0-28 6.9l-49.6 60.6A370.66 370.66 0 0 1 130.6 204.11l60.6-49.6a23.94 23.94 0 0 0 6.9-28l-48-112A24.16 24.16 0 0 0 122.6.61l-104 24A24 24 0 0 0 0 48c0 256.5 207.9 464 464 464a24 24 0 0 0 23.4-18.6l24-104a24.29 24.29 0 0 0-14.01-27.6z\"><\/path><\/svg>\t\t\t<\/span>\n\t\t\t\t\t\t\t\t\t<span class=\"elementor-button-text\">Contattaci<\/span>\n\t\t\t\t\t<\/span>\n\t\t\t\t\t<\/a>\n\t\t\t\t<\/div>\n\t\t\t\t\t\t\t\t<\/div>\n\t\t\t\t<\/div>\n\t\t\t\t<\/div>\n\t\t\t\t\t<\/div>\n\t\t\t\t<\/div>\n\t\t<div class=\"elementor-element elementor-element-00f2f66 e-flex e-con-boxed e-con e-parent\" data-id=\"00f2f66\" data-element_type=\"container\" data-e-type=\"container\">\n\t\t\t\t\t<div class=\"e-con-inner\">\n\t\t<div class=\"elementor-element elementor-element-631761e e-con-full e-flex e-con e-child\" data-id=\"631761e\" data-element_type=\"container\" data-e-type=\"container\">\n\t\t\t\t<div class=\"elementor-element elementor-element-70e18c3 elementor-widget elementor-widget-heading\" data-id=\"70e18c3\" data-element_type=\"widget\" data-e-type=\"widget\" data-widget_type=\"heading.default\">\n\t\t\t\t<div class=\"elementor-widget-container\">\n\t\t\t\t\t<h2 class=\"elementor-heading-title elementor-size-default\">Organizza, personalizza, condividi. <\/br>  Tutto in un'unica area.<\/h2>\t\t\t\t<\/div>\n\t\t\t\t<\/div>\n\t\t\t\t<div class=\"elementor-element elementor-element-1105f4d elementor-widget elementor-widget-text-editor\" data-id=\"1105f4d\" data-element_type=\"widget\" data-e-type=\"widget\" data-widget_type=\"text-editor.default\">\n\t\t\t\t<div class=\"elementor-widget-container\">\n\t\t\t\t\t\t\t\t\t<p style=\"text-align: center;\">L&#8217;area documentale di Mastro 6K \u00e8 molto pi\u00f9 di un semplice archivio. \u00c8 uno strumento potente che ti permette di creare documenti personalizzati, adatti a ogni tipologia di progetto. Inserisci variabili, crea grafiche e collega i tuoi documenti ai dati del computo e della contabilit\u00e0. La flessibilit\u00e0 che cercavi per una documentazione sempre aggiornata e precisa adesso c&#8217;\u00e8!<\/p>\t\t\t\t\t\t\t\t<\/div>\n\t\t\t\t<\/div>\n\t\t\t\t<div class=\"elementor-element elementor-element-750dc59 elementor-align-center elementor-widget elementor-widget-button\" data-id=\"750dc59\" data-element_type=\"widget\" data-e-type=\"widget\" data-widget_type=\"button.default\">\n\t\t\t\t<div class=\"elementor-widget-container\">\n\t\t\t\t\t\t\t\t\t<div class=\"elementor-button-wrapper\">\n\t\t\t\t\t<a class=\"elementor-button elementor-button-link elementor-size-sm elementor-animation-grow\" href=\"https:\/\/www.888sp.com\/it\/richiesta-free-trial-mastro\/\">\n\t\t\t\t\t\t<span class=\"elementor-button-content-wrapper\">\n\t\t\t\t\t\t\t\t\t<span class=\"elementor-button-text\">Chiedi Free Trial<\/span>\n\t\t\t\t\t<\/span>\n\t\t\t\t\t<\/a>\n\t\t\t\t<\/div>\n\t\t\t\t\t\t\t\t<\/div>\n\t\t\t\t<\/div>\n\t\t\t\t<\/div>\n\t\t\t\t\t<\/div>\n\t\t\t\t<\/div>\n\t\t<div class=\"elementor-element elementor-element-b0d8e45 e-flex e-con-boxed e-con e-parent\" data-id=\"b0d8e45\" data-element_type=\"container\" data-e-type=\"container\">\n\t\t\t\t\t<div class=\"e-con-inner\">\n\t\t<div class=\"elementor-element elementor-element-5948ff8 e-con-full e-flex e-con e-child\" data-id=\"5948ff8\" data-element_type=\"container\" data-e-type=\"container\">\n\t\t\t\t<div class=\"elementor-element elementor-element-c905942 elementor-invisible elementor-widget elementor-widget-image\" data-id=\"c905942\" data-element_type=\"widget\" data-e-type=\"widget\" data-settings=\"{&quot;_animation&quot;:&quot;fadeIn&quot;,&quot;_animation_delay&quot;:200}\" data-widget_type=\"image.default\">\n\t\t\t\t<div class=\"elementor-widget-container\">\n\t\t\t\t\t\t\t\t\t\t\t\t\t\t\t<img decoding=\"async\" src=\"https:\/\/www.888sp.com\/it\/wp-content\/uploads\/2025\/02\/M6K_Report_di_Stampa.webp\" title=\"M6K_Report_di_Stampa\" alt=\"M6K_Report_di_Stampa\" loading=\"lazy\" \/>\t\t\t\t\t\t\t\t\t\t\t\t\t\t\t<\/div>\n\t\t\t\t<\/div>\n\t\t\t\t<\/div>\n\t\t<div class=\"elementor-element elementor-element-5eb5c36 e-con-full e-flex e-con e-child\" data-id=\"5eb5c36\" data-element_type=\"container\" data-e-type=\"container\">\n\t\t\t\t<div class=\"elementor-element elementor-element-064a0c3 elementor-widget elementor-widget-heading\" data-id=\"064a0c3\" data-element_type=\"widget\" data-e-type=\"widget\" data-widget_type=\"heading.default\">\n\t\t\t\t<div class=\"elementor-widget-container\">\n\t\t\t\t\t<h2 class=\"elementor-heading-title elementor-size-default\">Report di Stampa<\/h2>\t\t\t\t<\/div>\n\t\t\t\t<\/div>\n\t\t\t\t<div class=\"elementor-element elementor-element-3144b98 elementor-widget-divider--view-line elementor-widget elementor-widget-divider\" data-id=\"3144b98\" data-element_type=\"widget\" data-e-type=\"widget\" data-widget_type=\"divider.default\">\n\t\t\t\t<div class=\"elementor-widget-container\">\n\t\t\t\t\t\t\t<div class=\"elementor-divider\">\n\t\t\t<span class=\"elementor-divider-separator\">\n\t\t\t\t\t\t<\/span>\n\t\t<\/div>\n\t\t\t\t\t\t<\/div>\n\t\t\t\t<\/div>\n\t\t\t\t<div class=\"elementor-element elementor-element-257790b elementor-widget elementor-widget-text-editor\" data-id=\"257790b\" data-element_type=\"widget\" data-e-type=\"widget\" data-widget_type=\"text-editor.default\">\n\t\t\t\t<div class=\"elementor-widget-container\">\n\t\t\t\t\t\t\t\t\t<p class=\"has-normal-font-size\">Redigi i\u00a0documenti per il cantiere\u00a0con annessa la possibilit\u00e0 di inserimento di variabili collegate al progetto e conservali nell\u2019area documentale.<\/p><ul><li>Stampe ufficiali<\/li><li>Stampe collaborative<\/li><li>Tipologie di output<\/li><li>Copertine e intestazioni<\/li><\/ul>\t\t\t\t\t\t\t\t<\/div>\n\t\t\t\t<\/div>\n\t\t\t\t<div class=\"elementor-element elementor-element-3067bef elementor-align-left elementor-widget elementor-widget-button\" data-id=\"3067bef\" data-element_type=\"widget\" data-e-type=\"widget\" data-widget_type=\"button.default\">\n\t\t\t\t<div class=\"elementor-widget-container\">\n\t\t\t\t\t\t\t\t\t<div class=\"elementor-button-wrapper\">\n\t\t\t\t\t<a class=\"elementor-button elementor-button-link elementor-size-sm elementor-animation-grow\" href=\"https:\/\/www.888sp.com\/download\/Pdf\/Esempio_Report_M5K_ago2024.pdf\" target=\"_blank\">\n\t\t\t\t\t\t<span class=\"elementor-button-content-wrapper\">\n\t\t\t\t\t\t<span class=\"elementor-button-icon\">\n\t\t\t\t<svg aria-hidden=\"true\" class=\"e-font-icon-svg e-fas-arrow-right\" viewBox=\"0 0 448 512\" xmlns=\"http:\/\/www.w3.org\/2000\/svg\"><path d=\"M190.5 66.9l22.2-22.2c9.4-9.4 24.6-9.4 33.9 0L441 239c9.4 9.4 9.4 24.6 0 33.9L246.6 467.3c-9.4 9.4-24.6 9.4-33.9 0l-22.2-22.2c-9.5-9.5-9.3-25 .4-34.3L311.4 296H24c-13.3 0-24-10.7-24-24v-32c0-13.3 10.7-24 24-24h287.4L190.9 101.2c-9.8-9.3-10-24.8-.4-34.3z\"><\/path><\/svg>\t\t\t<\/span>\n\t\t\t\t\t\t\t\t\t<span class=\"elementor-button-text\">Vedi esempio di stampa<\/span>\n\t\t\t\t\t<\/span>\n\t\t\t\t\t<\/a>\n\t\t\t\t<\/div>\n\t\t\t\t\t\t\t\t<\/div>\n\t\t\t\t<\/div>\n\t\t\t\t<\/div>\n\t\t\t\t\t<\/div>\n\t\t\t\t<\/div>\n\t\t<div class=\"elementor-element elementor-element-e6c7e8c e-flex e-con-boxed e-con e-parent\" data-id=\"e6c7e8c\" data-element_type=\"container\" data-e-type=\"container\">\n\t\t\t\t\t<div class=\"e-con-inner\">\n\t\t<div class=\"elementor-element elementor-element-15f2107 e-con-full e-flex e-con e-child\" data-id=\"15f2107\" data-element_type=\"container\" data-e-type=\"container\">\n\t\t\t\t<div class=\"elementor-element elementor-element-b022648 elementor-widget elementor-widget-heading\" data-id=\"b022648\" data-element_type=\"widget\" data-e-type=\"widget\" data-widget_type=\"heading.default\">\n\t\t\t\t<div class=\"elementor-widget-container\">\n\t\t\t\t\t<h2 class=\"elementor-heading-title elementor-size-default\">Documenti e Capitolati<\/h2>\t\t\t\t<\/div>\n\t\t\t\t<\/div>\n\t\t\t\t<div class=\"elementor-element elementor-element-1992017 elementor-widget-divider--view-line elementor-widget elementor-widget-divider\" data-id=\"1992017\" data-element_type=\"widget\" data-e-type=\"widget\" data-widget_type=\"divider.default\">\n\t\t\t\t<div class=\"elementor-widget-container\">\n\t\t\t\t\t\t\t<div class=\"elementor-divider\">\n\t\t\t<span class=\"elementor-divider-separator\">\n\t\t\t\t\t\t<\/span>\n\t\t<\/div>\n\t\t\t\t\t\t<\/div>\n\t\t\t\t<\/div>\n\t\t\t\t<div class=\"elementor-element elementor-element-43323bd elementor-widget elementor-widget-text-editor\" data-id=\"43323bd\" data-element_type=\"widget\" data-e-type=\"widget\" data-widget_type=\"text-editor.default\">\n\t\t\t\t<div class=\"elementor-widget-container\">\n\t\t\t\t\t\t\t\t\t<p style=\"text-align: left;\"><strong>Area Documenti<\/strong> &#8211; Redigi i documenti per il cantiere con annessa la possibilit\u00e0 di inserimento di variabili collegate al progetto e conservali nell\u2019area documentale.<\/p><p style=\"text-align: left;\"><strong>Banche Dati Documenti<\/strong> &#8211; Puoi utilizzare una ricca banca dati, anche implementabile, con predisposti tutti i documenti per le pratiche burocratiche.<\/p><p style=\"text-align: left;\"><strong>Capitolati Speciali d&#8217;Appalto<\/strong> &#8211; Scarica i Capitolati Speciali d\u2019Appalto\u00a0presenti nel nostro sito; potrai organizzarli nell\u2019area documentale ed eventualmente\u00a0personalizzarli liberamente.<\/p><ul><li>Archivio report di stampa<\/li><li>Copertine<\/li><li>Banca Dati documentale<\/li><li>Capitolati Speciali di Appalto<\/li><\/ul>\t\t\t\t\t\t\t\t<\/div>\n\t\t\t\t<\/div>\n\t\t\t\t<\/div>\n\t\t<div class=\"elementor-element elementor-element-62e8867 e-con-full e-flex e-con e-child\" data-id=\"62e8867\" data-element_type=\"container\" data-e-type=\"container\">\n\t\t\t\t<div class=\"elementor-element elementor-element-55da72e elementor-invisible elementor-widget elementor-widget-image\" data-id=\"55da72e\" data-element_type=\"widget\" data-e-type=\"widget\" data-settings=\"{&quot;_animation&quot;:&quot;fadeIn&quot;,&quot;_animation_delay&quot;:800}\" data-widget_type=\"image.default\">\n\t\t\t\t<div class=\"elementor-widget-container\">\n\t\t\t\t\t\t\t\t\t\t\t\t\t\t\t\t<a href=\"https:\/\/www.888sp.com\/it\/wp-content\/uploads\/2025\/02\/M6K_Documenti_Capitolati-scaled.webp\" data-elementor-open-lightbox=\"yes\" data-elementor-lightbox-title=\"Mastro 6K - Documenti e Capitolati\" data-e-action-hash=\"#elementor-action%3Aaction%3Dlightbox%26settings%3DeyJpZCI6NDkzODgsInVybCI6Imh0dHBzOlwvXC93d3cuODg4c3AuY29tXC9pdFwvd3AtY29udGVudFwvdXBsb2Fkc1wvMjAyNVwvMDJcL002S19Eb2N1bWVudGlfQ2FwaXRvbGF0aS1zY2FsZWQud2VicCJ9\">\n\t\t\t\t\t\t\t<img decoding=\"async\" src=\"https:\/\/www.888sp.com\/it\/wp-content\/uploads\/elementor\/thumbs\/M6K_Documenti_Capitolati-scaled-r10ot7g4kvit4150de97jtphzj7y3ijdrf4i7mtvve.webp\" title=\"Mastro 6K &#8211; Documenti e Capitolati\" alt=\"Mastro 6K - Documenti e Capitolati\" loading=\"lazy\" \/>\t\t\t\t\t\t\t\t<\/a>\n\t\t\t\t\t\t\t\t\t\t\t\t\t\t\t<\/div>\n\t\t\t\t<\/div>\n\t\t\t\t<\/div>\n\t\t\t\t\t<\/div>\n\t\t\t\t<\/div>\n\t\t<div class=\"elementor-element elementor-element-08e1b2c e-flex e-con-boxed e-con e-parent\" data-id=\"08e1b2c\" data-element_type=\"container\" data-e-type=\"container\">\n\t\t\t\t\t<div class=\"e-con-inner\">\n\t\t<div class=\"elementor-element elementor-element-2101929 e-con-full e-flex e-con e-child\" data-id=\"2101929\" data-element_type=\"container\" data-e-type=\"container\">\n\t\t\t\t<div class=\"elementor-element elementor-element-7db776a elementor-invisible elementor-widget elementor-widget-image\" data-id=\"7db776a\" data-element_type=\"widget\" data-e-type=\"widget\" data-settings=\"{&quot;_animation&quot;:&quot;fadeIn&quot;,&quot;_animation_delay&quot;:1000}\" data-widget_type=\"image.default\">\n\t\t\t\t<div class=\"elementor-widget-container\">\n\t\t\t\t\t\t\t\t\t\t\t\t\t\t\t\t<a href=\"https:\/\/www.888sp.com\/it\/wp-content\/uploads\/2025\/02\/M6K_8Draw-scaled.webp\" data-elementor-open-lightbox=\"yes\" data-elementor-lightbox-title=\"Mastro 6K - 8Draw\" data-e-action-hash=\"#elementor-action%3Aaction%3Dlightbox%26settings%3DeyJpZCI6NDkzOTksInVybCI6Imh0dHBzOlwvXC93d3cuODg4c3AuY29tXC9pdFwvd3AtY29udGVudFwvdXBsb2Fkc1wvMjAyNVwvMDJcL002S184RHJhdy1zY2FsZWQud2VicCJ9\">\n\t\t\t\t\t\t\t<img decoding=\"async\" src=\"https:\/\/www.888sp.com\/it\/wp-content\/uploads\/elementor\/thumbs\/M6K_8Draw-scaled-r10p3u0fug2fau3o62thykslpa2pffxghztg8b3eo4.webp\" title=\"Mastro 6K &#8211; 8Draw\" alt=\"Mastro 6K - 8Draw\" loading=\"lazy\" \/>\t\t\t\t\t\t\t\t<\/a>\n\t\t\t\t\t\t\t\t\t\t\t\t\t\t\t<\/div>\n\t\t\t\t<\/div>\n\t\t\t\t<\/div>\n\t\t<div class=\"elementor-element elementor-element-4876122 e-con-full e-flex e-con e-child\" data-id=\"4876122\" data-element_type=\"container\" data-e-type=\"container\">\n\t\t\t\t<div class=\"elementor-element elementor-element-7584fa8 elementor-widget elementor-widget-heading\" data-id=\"7584fa8\" data-element_type=\"widget\" data-e-type=\"widget\" data-widget_type=\"heading.default\">\n\t\t\t\t<div class=\"elementor-widget-container\">\n\t\t\t\t\t<h2 class=\"elementor-heading-title elementor-size-default\">8Draw<\/h2>\t\t\t\t<\/div>\n\t\t\t\t<\/div>\n\t\t\t\t<div class=\"elementor-element elementor-element-43fca6f elementor-widget-divider--view-line elementor-widget elementor-widget-divider\" data-id=\"43fca6f\" data-element_type=\"widget\" data-e-type=\"widget\" data-widget_type=\"divider.default\">\n\t\t\t\t<div class=\"elementor-widget-container\">\n\t\t\t\t\t\t\t<div class=\"elementor-divider\">\n\t\t\t<span class=\"elementor-divider-separator\">\n\t\t\t\t\t\t<\/span>\n\t\t<\/div>\n\t\t\t\t\t\t<\/div>\n\t\t\t\t<\/div>\n\t\t\t\t<div class=\"elementor-element elementor-element-d9fc53d elementor-widget elementor-widget-text-editor\" data-id=\"d9fc53d\" data-element_type=\"widget\" data-e-type=\"widget\" data-widget_type=\"text-editor.default\">\n\t\t\t\t<div class=\"elementor-widget-container\">\n\t\t\t\t\t\t\t\t\t<p class=\"has-normal-font-size\">In un\u00a0ambiente dedicato\u00a0puoi creare disegni, immagini vettoriali, infografiche, diagrammi e organigrammi da utilizzare negli elaborati per\u00a0renderli pi\u00f9 chiari e gradevoli ai tuoi interlocutori.<br \/>Rendi espliciti i dettagli e i passaggi critici delle lavorazioni di ogni progetto con schemi che riprendono parti di capitolati, misurazioni da brogliacci, foto, ecc., da collegare a articoli di EPU, immissioni di computo, perizie e contabilit\u00e0 lavori.<\/p><ul><li>Utilit\u00e0 per Computo \/ Contabilit\u00e0 Lavori<\/li><\/ul>\t\t\t\t\t\t\t\t<\/div>\n\t\t\t\t<\/div>\n\t\t\t\t<\/div>\n\t\t\t\t\t<\/div>\n\t\t\t\t<\/div>\n\t\t<div class=\"elementor-element elementor-element-a55efb1 e-flex e-con-boxed e-con e-parent\" data-id=\"a55efb1\" data-element_type=\"container\" data-e-type=\"container\" data-settings=\"{&quot;background_background&quot;:&quot;classic&quot;}\">\n\t\t\t\t\t<div class=\"e-con-inner\">\n\t\t<div class=\"elementor-element elementor-element-1b8f170a e-con-full e-flex e-con e-child\" data-id=\"1b8f170a\" data-element_type=\"container\" data-e-type=\"container\">\n\t\t\t\t<\/div>\n\t\t<div class=\"elementor-element elementor-element-7e8830ad e-con-full e-flex e-con e-child\" data-id=\"7e8830ad\" data-element_type=\"container\" data-e-type=\"container\">\n\t\t\t\t<div class=\"elementor-element elementor-element-59001e5e elementor-align-center elementor-widget elementor-widget-button\" data-id=\"59001e5e\" data-element_type=\"widget\" data-e-type=\"widget\" data-widget_type=\"button.default\">\n\t\t\t\t<div class=\"elementor-widget-container\">\n\t\t\t\t\t\t\t\t\t<div class=\"elementor-button-wrapper\">\n\t\t\t\t\t<a class=\"elementor-button elementor-button-link elementor-size-sm elementor-animation-grow\" href=\"https:\/\/www.888sp.com\/it\/richiesta-demo-online-mastro\/\">\n\t\t\t\t\t\t<span class=\"elementor-button-content-wrapper\">\n\t\t\t\t\t\t\t\t\t<span class=\"elementor-button-text\">Chiedi demo online<\/span>\n\t\t\t\t\t<\/span>\n\t\t\t\t\t<\/a>\n\t\t\t\t<\/div>\n\t\t\t\t\t\t\t\t<\/div>\n\t\t\t\t<\/div>\n\t\t\t\t<div class=\"elementor-element elementor-element-6a0f2b2d elementor-align-center elementor-widget elementor-widget-button\" data-id=\"6a0f2b2d\" data-element_type=\"widget\" data-e-type=\"widget\" data-widget_type=\"button.default\">\n\t\t\t\t<div class=\"elementor-widget-container\">\n\t\t\t\t\t\t\t\t\t<div class=\"elementor-button-wrapper\">\n\t\t\t\t\t<a class=\"elementor-button elementor-button-link elementor-size-sm elementor-animation-grow\" href=\"https:\/\/www.888sp.com\/it\/richiesta-informazioni-mastro\/\">\n\t\t\t\t\t\t<span class=\"elementor-button-content-wrapper\">\n\t\t\t\t\t\t\t\t\t<span class=\"elementor-button-text\">Chiedi informazioni<\/span>\n\t\t\t\t\t<\/span>\n\t\t\t\t\t<\/a>\n\t\t\t\t<\/div>\n\t\t\t\t\t\t\t\t<\/div>\n\t\t\t\t<\/div>\n\t\t\t\t<\/div>\n\t\t<div class=\"elementor-element elementor-element-1c6b0bb7 e-con-full e-flex e-con e-child\" data-id=\"1c6b0bb7\" data-element_type=\"container\" data-e-type=\"container\">\n\t\t\t\t<\/div>\n\t\t\t\t\t<\/div>\n\t\t\t\t<\/div>\n\t\t<div class=\"elementor-element elementor-element-7b88117 e-flex e-con-boxed e-con e-parent\" data-id=\"7b88117\" data-element_type=\"container\" data-e-type=\"container\">\n\t\t\t\t\t<div class=\"e-con-inner\">\n\t\t<div class=\"elementor-element elementor-element-84076ff e-con-full e-flex e-con e-child\" data-id=\"84076ff\" data-element_type=\"container\" data-e-type=\"container\">\n\t\t\t\t<\/div>\n\t\t\t\t\t<\/div>\n\t\t\t\t<\/div>\n\t\t\t\t<\/div>\n\t\t","protected":false},"excerpt":{"rendered":"<p>MASTRO 6KArea DocumentaleClicca qui Home \/ Mastro 6K \/ Area Documentale Contattaci Organizza, personalizza, condividi. Tutto in un&#8217;unica area. L&#8217;area documentale di Mastro 6K \u00e8 molto pi\u00f9 di un semplice [&hellip;]<\/p>\n","protected":false},"author":3,"featured_media":0,"parent":0,"menu_order":0,"comment_status":"closed","ping_status":"closed","template":"page-elementor-full.php","meta":{"om_disable_all_campaigns":false,"_uag_custom_page_level_css":"","ghostkit_customizer_options":"","ghostkit_custom_css":"","ghostkit_custom_js_head":"","ghostkit_custom_js_foot":"","ghostkit_typography":"","_monsterinsights_skip_tracking":false,"_monsterinsights_sitenote_active":false,"_monsterinsights_sitenote_note":"","_monsterinsights_sitenote_category":0,"footnotes":""},"class_list":["post-48842","page","type-page","status-publish","hentry"],"aioseo_notices":[],"uagb_featured_image_src":{"full":false,"thumbnail":false,"medium":false,"medium_large":false,"large":false,"1536x1536":false,"2048x2048":false,"post-thumbnail":false,"blog-thumb":false,"single-thumb":false,"portfolio":false,"portfolio-one-col":false,"portfolio-two-col":false,"portfolio-six-col":false,"services":false,"team":false,"loop-thumb":false,"masonry-thumb":false},"uagb_author_info":{"display_name":"Mariella","author_link":"https:\/\/www.888sp.com\/it\/author\/mariella\/"},"uagb_comment_info":0,"uagb_excerpt":"MASTRO 6KArea DocumentaleClicca qui Home \/ Mastro 6K \/ Area Documentale Contattaci Organizza, personalizza, condividi. Tutto in un&#8217;unica area. L&#8217;area documentale di Mastro 6K \u00e8 molto pi\u00f9 di un semplice [&hellip;]","_links":{"self":[{"href":"https:\/\/www.888sp.com\/it\/wp-json\/wp\/v2\/pages\/48842","targetHints":{"allow":["GET"]}}],"collection":[{"href":"https:\/\/www.888sp.com\/it\/wp-json\/wp\/v2\/pages"}],"about":[{"href":"https:\/\/www.888sp.com\/it\/wp-json\/wp\/v2\/types\/page"}],"author":[{"embeddable":true,"href":"https:\/\/www.888sp.com\/it\/wp-json\/wp\/v2\/users\/3"}],"replies":[{"embeddable":true,"href":"https:\/\/www.888sp.com\/it\/wp-json\/wp\/v2\/comments?post=48842"}],"version-history":[{"count":3,"href":"https:\/\/www.888sp.com\/it\/wp-json\/wp\/v2\/pages\/48842\/revisions"}],"predecessor-version":[{"id":49402,"href":"https:\/\/www.888sp.com\/it\/wp-json\/wp\/v2\/pages\/48842\/revisions\/49402"}],"wp:attachment":[{"href":"https:\/\/www.888sp.com\/it\/wp-json\/wp\/v2\/media?parent=48842"}],"curies":[{"name":"wp","href":"https:\/\/api.w.org\/{rel}","templated":true}]}}