{"id":48862,"date":"2025-01-28T15:25:18","date_gmt":"2025-01-28T14:25:18","guid":{"rendered":"https:\/\/www.888sp.com\/it\/mastro-area-specialistica-copy\/"},"modified":"2025-02-04T17:51:59","modified_gmt":"2025-02-04T16:51:59","slug":"mastro-area-specialistica","status":"publish","type":"page","link":"https:\/\/www.888sp.com\/it\/mastro-area-specialistica\/","title":{"rendered":"Mastro 6K &#8211; Area Specialistica"},"content":{"rendered":"\t\t<div data-elementor-type=\"wp-page\" data-elementor-id=\"48862\" class=\"elementor elementor-48862\" data-elementor-post-type=\"page\">\n\t\t\t\t<div class=\"elementor-element elementor-element-45d6ba5b e-con-full e-flex e-con e-parent\" data-id=\"45d6ba5b\" data-element_type=\"container\" data-e-type=\"container\">\n\t\t\t\t<div class=\"elementor-element elementor-element-246916b7 elementor--h-position-center elementor--v-position-middle elementor-widget elementor-widget-slides\" data-id=\"246916b7\" data-element_type=\"widget\" data-e-type=\"widget\" data-settings=\"{&quot;navigation&quot;:&quot;none&quot;,&quot;transition&quot;:&quot;fade&quot;,&quot;transition_speed&quot;:500}\" data-widget_type=\"slides.default\">\n\t\t\t\t<div class=\"elementor-widget-container\">\n\t\t\t\t\t\t\t\t\t<div class=\"elementor-swiper\">\n\t\t\t\t\t<div class=\"elementor-slides-wrapper elementor-main-swiper swiper\" role=\"region\" aria-roledescription=\"carousel\" aria-label=\"Slides\" dir=\"ltr\" data-animation=\"fadeInUp\">\n\t\t\t\t<div class=\"swiper-wrapper elementor-slides\">\n\t\t\t\t\t\t\t\t\t\t<div class=\"elementor-repeater-item-289e3b0 swiper-slide\" role=\"group\" aria-roledescription=\"slide\"><div class=\"swiper-slide-bg elementor-ken-burns elementor-ken-burns--in\" role=\"img\" aria-label=\"Bkg_Slide_M6K\"><\/div><div class=\"elementor-background-overlay\"><\/div><div class=\"swiper-slide-inner\" ><div class=\"swiper-slide-contents\"><div class=\"elementor-slide-heading\">MASTRO 6K<\/div><div class=\"elementor-slide-description\">Area Specialistica<\/div><\/div><\/div><\/div><div class=\"elementor-repeater-item-617afa4 swiper-slide\" role=\"group\" aria-roledescription=\"slide\"><div class=\"swiper-slide-bg\"><\/div><div class=\"swiper-slide-inner\" ><div class=\"swiper-slide-contents\"><div  class=\"elementor-button elementor-slide-button elementor-size-sm\">Clicca qui<\/div><\/div><\/div><\/div>\t\t\t\t<\/div>\n\t\t\t\t\t\t\t\t\t\t\t\t\t\t\t\t\t\t\t\t\t<\/div>\n\t\t\t\t<\/div>\n\t\t\t\t\t\t\t\t<\/div>\n\t\t\t\t<\/div>\n\t\t\t\t<\/div>\n\t\t<div class=\"elementor-element elementor-element-5d2b92a e-flex e-con-boxed e-con e-parent\" data-id=\"5d2b92a\" data-element_type=\"container\" data-e-type=\"container\" data-settings=\"{&quot;background_background&quot;:&quot;classic&quot;}\">\n\t\t\t\t\t<div class=\"e-con-inner\">\n\t\t<div class=\"elementor-element elementor-element-21c7e872 e-con-full e-flex elementor-invisible e-con e-child\" data-id=\"21c7e872\" data-element_type=\"container\" data-e-type=\"container\" data-settings=\"{&quot;animation&quot;:&quot;fadeInLeft&quot;,&quot;animation_delay&quot;:200}\">\n\t\t\t\t<div class=\"elementor-element elementor-element-ccfe30f elementor-widget elementor-widget-text-editor\" data-id=\"ccfe30f\" data-element_type=\"widget\" data-e-type=\"widget\" data-widget_type=\"text-editor.default\">\n\t\t\t\t<div class=\"elementor-widget-container\">\n\t\t\t\t\t\t\t\t\t<p><a href=\"https:\/\/www.888sp.com\/it\/\">Home<\/a> \/ <a href=\"https:\/\/www.888sp.com\/it\/mastro-6k\/\">Mastro 6K<\/a> \/ <strong>Area Specialistica<\/strong><\/p>\t\t\t\t\t\t\t\t<\/div>\n\t\t\t\t<\/div>\n\t\t\t\t<\/div>\n\t\t<div class=\"elementor-element elementor-element-1ea1a416 e-con-full e-flex elementor-invisible e-con e-child\" data-id=\"1ea1a416\" data-element_type=\"container\" data-e-type=\"container\" data-settings=\"{&quot;animation&quot;:&quot;fadeInLeft&quot;,&quot;animation_delay&quot;:800}\">\n\t\t\t\t<div class=\"elementor-element elementor-element-16e0d1e3 elementor-align-justify elementor-tablet-align-center elementor-widget elementor-widget-button\" data-id=\"16e0d1e3\" data-element_type=\"widget\" data-e-type=\"widget\" data-widget_type=\"button.default\">\n\t\t\t\t<div class=\"elementor-widget-container\">\n\t\t\t\t\t\t\t\t\t<div class=\"elementor-button-wrapper\">\n\t\t\t\t\t<a class=\"elementor-button elementor-button-link elementor-size-sm elementor-animation-grow\" href=\"tel:+390425471240\" target=\"_blank\">\n\t\t\t\t\t\t<span class=\"elementor-button-content-wrapper\">\n\t\t\t\t\t\t<span class=\"elementor-button-icon\">\n\t\t\t\t<svg aria-hidden=\"true\" class=\"e-font-icon-svg e-fas-phone-alt\" viewBox=\"0 0 512 512\" xmlns=\"http:\/\/www.w3.org\/2000\/svg\"><path d=\"M497.39 361.8l-112-48a24 24 0 0 0-28 6.9l-49.6 60.6A370.66 370.66 0 0 1 130.6 204.11l60.6-49.6a23.94 23.94 0 0 0 6.9-28l-48-112A24.16 24.16 0 0 0 122.6.61l-104 24A24 24 0 0 0 0 48c0 256.5 207.9 464 464 464a24 24 0 0 0 23.4-18.6l24-104a24.29 24.29 0 0 0-14.01-27.6z\"><\/path><\/svg>\t\t\t<\/span>\n\t\t\t\t\t\t\t\t\t<span class=\"elementor-button-text\">Contattaci<\/span>\n\t\t\t\t\t<\/span>\n\t\t\t\t\t<\/a>\n\t\t\t\t<\/div>\n\t\t\t\t\t\t\t\t<\/div>\n\t\t\t\t<\/div>\n\t\t\t\t<\/div>\n\t\t\t\t\t<\/div>\n\t\t\t\t<\/div>\n\t\t<div class=\"elementor-element elementor-element-00f2f66 e-con-full e-flex e-con e-parent\" data-id=\"00f2f66\" data-element_type=\"container\" data-e-type=\"container\">\n\t\t<div class=\"elementor-element elementor-element-631761e e-con-full e-flex e-con e-child\" data-id=\"631761e\" data-element_type=\"container\" data-e-type=\"container\">\n\t\t\t\t<div class=\"elementor-element elementor-element-70e18c3 elementor-widget elementor-widget-heading\" data-id=\"70e18c3\" data-element_type=\"widget\" data-e-type=\"widget\" data-widget_type=\"heading.default\">\n\t\t\t\t<div class=\"elementor-widget-container\">\n\t\t\t\t\t<h2 class=\"elementor-heading-title elementor-size-default\">Pi\u00f9 produttivit\u00e0, meno stress.<\/h2>\t\t\t\t<\/div>\n\t\t\t\t<\/div>\n\t\t\t\t<div class=\"elementor-element elementor-element-1105f4d elementor-widget elementor-widget-text-editor\" data-id=\"1105f4d\" data-element_type=\"widget\" data-e-type=\"widget\" data-widget_type=\"text-editor.default\">\n\t\t\t\t<div class=\"elementor-widget-container\">\n\t\t\t\t\t\t\t\t\t<p style=\"text-align: center;\">Mastro 6K ti offre tutti gli strumenti per ottimizzare il tuo business. Scopri come sfruttare al meglio Contratti Applicativi \/<br \/>Accordi Quadro, tabelle Pivot e Agevolazioni Fiscali per raggiungere i tuoi obiettivi professionali.<\/p>\t\t\t\t\t\t\t\t<\/div>\n\t\t\t\t<\/div>\n\t\t\t\t<div class=\"elementor-element elementor-element-750dc59 elementor-align-center elementor-widget elementor-widget-button\" data-id=\"750dc59\" data-element_type=\"widget\" data-e-type=\"widget\" data-widget_type=\"button.default\">\n\t\t\t\t<div class=\"elementor-widget-container\">\n\t\t\t\t\t\t\t\t\t<div class=\"elementor-button-wrapper\">\n\t\t\t\t\t<a class=\"elementor-button elementor-button-link elementor-size-sm elementor-animation-grow\" href=\"https:\/\/www.888sp.com\/it\/richiesta-free-trial-mastro\/\">\n\t\t\t\t\t\t<span class=\"elementor-button-content-wrapper\">\n\t\t\t\t\t\t\t\t\t<span class=\"elementor-button-text\">Chiedi Free Trial<\/span>\n\t\t\t\t\t<\/span>\n\t\t\t\t\t<\/a>\n\t\t\t\t<\/div>\n\t\t\t\t\t\t\t\t<\/div>\n\t\t\t\t<\/div>\n\t\t\t\t<\/div>\n\t\t\t\t<\/div>\n\t\t<div class=\"elementor-element elementor-element-b0d8e45 e-flex e-con-boxed e-con e-parent\" data-id=\"b0d8e45\" data-element_type=\"container\" data-e-type=\"container\">\n\t\t\t\t\t<div class=\"e-con-inner\">\n\t\t<div class=\"elementor-element elementor-element-5948ff8 e-con-full e-flex e-con e-child\" data-id=\"5948ff8\" data-element_type=\"container\" data-e-type=\"container\">\n\t\t\t\t<div class=\"elementor-element elementor-element-c905942 elementor-invisible elementor-widget elementor-widget-image\" data-id=\"c905942\" data-element_type=\"widget\" data-e-type=\"widget\" data-settings=\"{&quot;_animation&quot;:&quot;fadeIn&quot;,&quot;_animation_delay&quot;:200}\" data-widget_type=\"image.default\">\n\t\t\t\t<div class=\"elementor-widget-container\">\n\t\t\t\t\t\t\t\t\t\t\t\t\t\t\t\t<a href=\"https:\/\/www.888sp.com\/it\/wp-content\/uploads\/2025\/02\/M6K_Contratti_Applicativi-scaled.webp\" data-elementor-open-lightbox=\"yes\" data-elementor-lightbox-title=\"Mastro 6K - Contratti Applicativi e Accordi Quadro\" data-e-action-hash=\"#elementor-action%3Aaction%3Dlightbox%26settings%3DeyJpZCI6NDk0MDMsInVybCI6Imh0dHBzOlwvXC93d3cuODg4c3AuY29tXC9pdFwvd3AtY29udGVudFwvdXBsb2Fkc1wvMjAyNVwvMDJcL002S19Db250cmF0dGlfQXBwbGljYXRpdmktc2NhbGVkLndlYnAifQ%3D%3D\">\n\t\t\t\t\t\t\t<img decoding=\"async\" src=\"https:\/\/www.888sp.com\/it\/wp-content\/uploads\/elementor\/thumbs\/M6K_Contratti_Applicativi-scaled-r10paszcj7m2h7krm03r8du6d8hc7ieguitro4qjdm.webp\" title=\"Mastro 6K &#8211; Contratti Applicativi e Accordi Quadro\" alt=\"Mastro 6K - Contratti Applicativi e Accordi Quadro\" loading=\"lazy\" \/>\t\t\t\t\t\t\t\t<\/a>\n\t\t\t\t\t\t\t\t\t\t\t\t\t\t\t<\/div>\n\t\t\t\t<\/div>\n\t\t\t\t<\/div>\n\t\t<div class=\"elementor-element elementor-element-5eb5c36 e-con-full e-flex e-con e-child\" data-id=\"5eb5c36\" data-element_type=\"container\" data-e-type=\"container\">\n\t\t\t\t<div class=\"elementor-element elementor-element-064a0c3 elementor-widget elementor-widget-heading\" data-id=\"064a0c3\" data-element_type=\"widget\" data-e-type=\"widget\" data-widget_type=\"heading.default\">\n\t\t\t\t<div class=\"elementor-widget-container\">\n\t\t\t\t\t<h2 class=\"elementor-heading-title elementor-size-default\">Contratti Applicativi - Accordi Quadro<\/h2>\t\t\t\t<\/div>\n\t\t\t\t<\/div>\n\t\t\t\t<div class=\"elementor-element elementor-element-3144b98 elementor-widget-divider--view-line elementor-widget elementor-widget-divider\" data-id=\"3144b98\" data-element_type=\"widget\" data-e-type=\"widget\" data-widget_type=\"divider.default\">\n\t\t\t\t<div class=\"elementor-widget-container\">\n\t\t\t\t\t\t\t<div class=\"elementor-divider\">\n\t\t\t<span class=\"elementor-divider-separator\">\n\t\t\t\t\t\t<\/span>\n\t\t<\/div>\n\t\t\t\t\t\t<\/div>\n\t\t\t\t<\/div>\n\t\t\t\t<div class=\"elementor-element elementor-element-257790b elementor-widget elementor-widget-text-editor\" data-id=\"257790b\" data-element_type=\"widget\" data-e-type=\"widget\" data-widget_type=\"text-editor.default\">\n\t\t\t\t<div class=\"elementor-widget-container\">\n\t\t\t\t\t\t\t\t\t<p class=\"has-normal-font-size\"><span class=\"ui-provider a b c d e f g h i j k l m n o p q r s t u v w x y z ab ac ae af ag ah ai aj ak\" dir=\"ltr\">Scopri tutte le funzionalit\u00e0 che puoi applicare al computo, alla contabilit\u00e0 e alle perizie dei &#8220;Contratti Applicativi&#8221;, secondo le modalit\u00e0 dettate dal contratto di appalto &#8220;Accordo Quadro&#8221; e con puntuale riferimento alle clausole relative ai prezzi e alle quantit\u00e0 previste.<br \/>Imposta e configura il progetto gi\u00e0 nei &#8220;Dati iniziali&#8221;, inserendo il ribasso d\u2019asta che avr\u00e0 conseguenze sul Quadro Economico di Progetto; puoi decidere se il ribasso andr\u00e0 applicato per i lavori in economia su Importo, Spese Generali, Utili di Impresa o una combinazione di questi ultimi.<br \/>In pi\u00f9 sei perfettamente allineato con i requisiti richiesti da Matrix AQ per la gestione centralizzata dell\u2019accordo quadro.<\/span><\/p>\t\t\t\t\t\t\t\t<\/div>\n\t\t\t\t<\/div>\n\t\t\t\t<\/div>\n\t\t\t\t\t<\/div>\n\t\t\t\t<\/div>\n\t\t<div class=\"elementor-element elementor-element-e6c7e8c e-flex e-con-boxed e-con e-parent\" data-id=\"e6c7e8c\" data-element_type=\"container\" data-e-type=\"container\">\n\t\t\t\t\t<div class=\"e-con-inner\">\n\t\t<div class=\"elementor-element elementor-element-15f2107 e-con-full e-flex e-con e-child\" data-id=\"15f2107\" data-element_type=\"container\" data-e-type=\"container\">\n\t\t\t\t<div class=\"elementor-element elementor-element-b022648 elementor-widget elementor-widget-heading\" data-id=\"b022648\" data-element_type=\"widget\" data-e-type=\"widget\" data-widget_type=\"heading.default\">\n\t\t\t\t<div class=\"elementor-widget-container\">\n\t\t\t\t\t<h2 class=\"elementor-heading-title elementor-size-default\">Pivot<\/h2>\t\t\t\t<\/div>\n\t\t\t\t<\/div>\n\t\t\t\t<div class=\"elementor-element elementor-element-1992017 elementor-widget-divider--view-line elementor-widget elementor-widget-divider\" data-id=\"1992017\" data-element_type=\"widget\" data-e-type=\"widget\" data-widget_type=\"divider.default\">\n\t\t\t\t<div class=\"elementor-widget-container\">\n\t\t\t\t\t\t\t<div class=\"elementor-divider\">\n\t\t\t<span class=\"elementor-divider-separator\">\n\t\t\t\t\t\t<\/span>\n\t\t<\/div>\n\t\t\t\t\t\t<\/div>\n\t\t\t\t<\/div>\n\t\t\t\t<div class=\"elementor-element elementor-element-43323bd elementor-widget elementor-widget-text-editor\" data-id=\"43323bd\" data-element_type=\"widget\" data-e-type=\"widget\" data-widget_type=\"text-editor.default\">\n\t\t\t\t<div class=\"elementor-widget-container\">\n\t\t\t\t\t\t\t\t\t<p style=\"text-align: left;\">Crea tabelle Pivot altamente flessibili, raggruppando le lavorazioni unitarie di elenco prezzi, computi, contabilit\u00e0 e perizie secondo criteri personalizzati. <br \/>Ottieni una visione chiara e dettagliata dei costi, identifica facilmente le cause di eventuali scostamenti e prendi decisioni informate per ottimizzare la gestione di ogni\u00a0 tuo progetto.<\/p><ul><li>Tabelle Pivot Computo<\/li><li>Tabelle Pivot Contabilit\u00e0 Lavori<\/li><li>Tabelle Pivot Perizie<\/li><li>Tabelle Pivot Contratti Applicativi<\/li><\/ul>\t\t\t\t\t\t\t\t<\/div>\n\t\t\t\t<\/div>\n\t\t\t\t<div class=\"elementor-element elementor-element-3067bef elementor-align-left elementor-widget elementor-widget-button\" data-id=\"3067bef\" data-element_type=\"widget\" data-e-type=\"widget\" data-widget_type=\"button.default\">\n\t\t\t\t<div class=\"elementor-widget-container\">\n\t\t\t\t\t\t\t\t\t<div class=\"elementor-button-wrapper\">\n\t\t\t\t\t<a class=\"elementor-button elementor-button-link elementor-size-sm elementor-animation-grow\" href=\"https:\/\/www.888sp.com\/it\/blog\/tutto-quello-che-devi-sapere-sulle-tabelle-pivot-e-i-vantaggi-di-averle-integrate-in-un-software-tecnico\/\" target=\"_blank\">\n\t\t\t\t\t\t<span class=\"elementor-button-content-wrapper\">\n\t\t\t\t\t\t<span class=\"elementor-button-icon\">\n\t\t\t\t<svg aria-hidden=\"true\" class=\"e-font-icon-svg e-fas-arrow-right\" viewBox=\"0 0 448 512\" xmlns=\"http:\/\/www.w3.org\/2000\/svg\"><path d=\"M190.5 66.9l22.2-22.2c9.4-9.4 24.6-9.4 33.9 0L441 239c9.4 9.4 9.4 24.6 0 33.9L246.6 467.3c-9.4 9.4-24.6 9.4-33.9 0l-22.2-22.2c-9.5-9.5-9.3-25 .4-34.3L311.4 296H24c-13.3 0-24-10.7-24-24v-32c0-13.3 10.7-24 24-24h287.4L190.9 101.2c-9.8-9.3-10-24.8-.4-34.3z\"><\/path><\/svg>\t\t\t<\/span>\n\t\t\t\t\t\t\t\t\t<span class=\"elementor-button-text\">+ info sul tema? Vai al blog<\/span>\n\t\t\t\t\t<\/span>\n\t\t\t\t\t<\/a>\n\t\t\t\t<\/div>\n\t\t\t\t\t\t\t\t<\/div>\n\t\t\t\t<\/div>\n\t\t\t\t<\/div>\n\t\t<div class=\"elementor-element elementor-element-62e8867 e-con-full e-flex e-con e-child\" data-id=\"62e8867\" data-element_type=\"container\" data-e-type=\"container\">\n\t\t\t\t<div class=\"elementor-element elementor-element-55da72e elementor-invisible elementor-widget elementor-widget-image\" data-id=\"55da72e\" data-element_type=\"widget\" data-e-type=\"widget\" data-settings=\"{&quot;_animation&quot;:&quot;fadeIn&quot;,&quot;_animation_delay&quot;:800}\" data-widget_type=\"image.default\">\n\t\t\t\t<div class=\"elementor-widget-container\">\n\t\t\t\t\t\t\t\t\t\t\t\t\t\t\t\t<a href=\"https:\/\/www.888sp.com\/it\/wp-content\/uploads\/2025\/02\/M6K_Pivot-scaled.webp\" data-elementor-open-lightbox=\"yes\" data-elementor-lightbox-title=\"Mastro 6K - Modulo Pivot\" data-e-action-hash=\"#elementor-action%3Aaction%3Dlightbox%26settings%3DeyJpZCI6NDk0MDQsInVybCI6Imh0dHBzOlwvXC93d3cuODg4c3AuY29tXC9pdFwvd3AtY29udGVudFwvdXBsb2Fkc1wvMjAyNVwvMDJcL002S19QaXZvdC1zY2FsZWQud2VicCJ9\">\n\t\t\t\t\t\t\t<img decoding=\"async\" src=\"https:\/\/www.888sp.com\/it\/wp-content\/uploads\/elementor\/thumbs\/M6K_Pivot-scaled-r10pd0vmo4n0c9695n8rxq1jrnx57picpnpablop0i.webp\" title=\"Mastro 6K &#8211; Modulo Pivot\" alt=\"Mastro 6K - Modulo Pivot\" loading=\"lazy\" \/>\t\t\t\t\t\t\t\t<\/a>\n\t\t\t\t\t\t\t\t\t\t\t\t\t\t\t<\/div>\n\t\t\t\t<\/div>\n\t\t\t\t<\/div>\n\t\t\t\t\t<\/div>\n\t\t\t\t<\/div>\n\t\t<div class=\"elementor-element elementor-element-08e1b2c e-flex e-con-boxed e-con e-parent\" data-id=\"08e1b2c\" data-element_type=\"container\" data-e-type=\"container\">\n\t\t\t\t\t<div class=\"e-con-inner\">\n\t\t<div class=\"elementor-element elementor-element-2101929 e-con-full e-flex e-con e-child\" data-id=\"2101929\" data-element_type=\"container\" data-e-type=\"container\">\n\t\t\t\t<div class=\"elementor-element elementor-element-7db776a elementor-invisible elementor-widget elementor-widget-image\" data-id=\"7db776a\" data-element_type=\"widget\" data-e-type=\"widget\" data-settings=\"{&quot;_animation&quot;:&quot;fadeIn&quot;,&quot;_animation_delay&quot;:1000}\" data-widget_type=\"image.default\">\n\t\t\t\t<div class=\"elementor-widget-container\">\n\t\t\t\t\t\t\t\t\t\t\t\t\t\t\t\t<a href=\"https:\/\/www.888sp.com\/it\/wp-content\/uploads\/2025\/02\/Agevolazioni_Fiscali-scaled.webp\" data-elementor-open-lightbox=\"yes\" data-elementor-lightbox-title=\"Mastro 6K - Agevolazioni Fiscali\" data-e-action-hash=\"#elementor-action%3Aaction%3Dlightbox%26settings%3DeyJpZCI6NDk0MDUsInVybCI6Imh0dHBzOlwvXC93d3cuODg4c3AuY29tXC9pdFwvd3AtY29udGVudFwvdXBsb2Fkc1wvMjAyNVwvMDJcL0FnZXZvbGF6aW9uaV9GaXNjYWxpLXNjYWxlZC53ZWJwIn0%3D\">\n\t\t\t\t\t\t\t<img decoding=\"async\" src=\"https:\/\/www.888sp.com\/it\/wp-content\/uploads\/elementor\/thumbs\/Agevolazioni_Fiscali-scaled-r10pexhuj18xvsel0ywjhqq74sixtm2rb3bqcsuyea.webp\" title=\"Mastro 6K &#8211; Agevolazioni Fiscali\" alt=\"Mastro 6K - Agevolazioni Fiscali\" loading=\"lazy\" \/>\t\t\t\t\t\t\t\t<\/a>\n\t\t\t\t\t\t\t\t\t\t\t\t\t\t\t<\/div>\n\t\t\t\t<\/div>\n\t\t\t\t<\/div>\n\t\t<div class=\"elementor-element elementor-element-4876122 e-con-full e-flex e-con e-child\" data-id=\"4876122\" data-element_type=\"container\" data-e-type=\"container\">\n\t\t\t\t<div class=\"elementor-element elementor-element-7584fa8 elementor-widget elementor-widget-heading\" data-id=\"7584fa8\" data-element_type=\"widget\" data-e-type=\"widget\" data-widget_type=\"heading.default\">\n\t\t\t\t<div class=\"elementor-widget-container\">\n\t\t\t\t\t<h2 class=\"elementor-heading-title elementor-size-default\">Agevolazioni Fiscali<\/h2>\t\t\t\t<\/div>\n\t\t\t\t<\/div>\n\t\t\t\t<div class=\"elementor-element elementor-element-43fca6f elementor-widget-divider--view-line elementor-widget elementor-widget-divider\" data-id=\"43fca6f\" data-element_type=\"widget\" data-e-type=\"widget\" data-widget_type=\"divider.default\">\n\t\t\t\t<div class=\"elementor-widget-container\">\n\t\t\t\t\t\t\t<div class=\"elementor-divider\">\n\t\t\t<span class=\"elementor-divider-separator\">\n\t\t\t\t\t\t<\/span>\n\t\t<\/div>\n\t\t\t\t\t\t<\/div>\n\t\t\t\t<\/div>\n\t\t\t\t<div class=\"elementor-element elementor-element-d9fc53d elementor-widget elementor-widget-text-editor\" data-id=\"d9fc53d\" data-element_type=\"widget\" data-e-type=\"widget\" data-widget_type=\"text-editor.default\">\n\t\t\t\t<div class=\"elementor-widget-container\">\n\t\t\t\t\t\t\t\t\t<p class=\"has-normal-font-size\">Verifica il rientro nei limiti di spesa nonch\u00e9 il calcolo della spesa agevolata e di quella non agevolabile, nell\u2019ambito dei bonus per ristrutturazioni ed efficientamento energetico.<br \/><br \/>Definisci i limiti di spesa\u00a0in base alla tipologia di immobile e computa per tipologia di bonus e intervento, gestendo le spese per prestazioni professionali, iva, casse di previdenza, di ciascun intervento.<br \/>Aggiorna dinamicamente il quadro di riepilogo della spesa\u00a0suddiviso per le tipologie di bonus e intervento mettendo in evidenza la spesa non agevolabile.<br \/>Hai la possibilit\u00e0 di confrontare pi\u00f9 quadri economici a fronte di soluzioni progettuali diverse e\/o revisioni del preventivo.<\/p><ul><li>Bonus Computo<\/li><li>Bonus Perizia<\/li><li>Bonus Contabilit\u00e0 Lavori<\/li><li>Bonus BIM\u00a0<\/li><\/ul>\t\t\t\t\t\t\t\t<\/div>\n\t\t\t\t<\/div>\n\t\t\t\t<\/div>\n\t\t\t\t\t<\/div>\n\t\t\t\t<\/div>\n\t\t<div class=\"elementor-element elementor-element-629b5d49 e-flex e-con-boxed e-con e-parent\" data-id=\"629b5d49\" data-element_type=\"container\" data-e-type=\"container\" data-settings=\"{&quot;background_background&quot;:&quot;classic&quot;}\">\n\t\t\t\t\t<div class=\"e-con-inner\">\n\t\t<div class=\"elementor-element elementor-element-bf986be e-con-full e-flex e-con e-child\" data-id=\"bf986be\" data-element_type=\"container\" data-e-type=\"container\">\n\t\t\t\t<\/div>\n\t\t<div class=\"elementor-element elementor-element-b4651f0 e-con-full e-flex e-con e-child\" data-id=\"b4651f0\" data-element_type=\"container\" data-e-type=\"container\">\n\t\t\t\t<div class=\"elementor-element elementor-element-732f6bc9 elementor-align-center elementor-widget elementor-widget-button\" data-id=\"732f6bc9\" data-element_type=\"widget\" data-e-type=\"widget\" data-widget_type=\"button.default\">\n\t\t\t\t<div class=\"elementor-widget-container\">\n\t\t\t\t\t\t\t\t\t<div class=\"elementor-button-wrapper\">\n\t\t\t\t\t<a class=\"elementor-button elementor-button-link elementor-size-sm elementor-animation-grow\" href=\"https:\/\/www.888sp.com\/it\/richiesta-demo-online-mastro\/\">\n\t\t\t\t\t\t<span class=\"elementor-button-content-wrapper\">\n\t\t\t\t\t\t\t\t\t<span class=\"elementor-button-text\">Chiedi demo online<\/span>\n\t\t\t\t\t<\/span>\n\t\t\t\t\t<\/a>\n\t\t\t\t<\/div>\n\t\t\t\t\t\t\t\t<\/div>\n\t\t\t\t<\/div>\n\t\t\t\t<div class=\"elementor-element elementor-element-375a104f elementor-align-center elementor-widget elementor-widget-button\" data-id=\"375a104f\" data-element_type=\"widget\" data-e-type=\"widget\" data-widget_type=\"button.default\">\n\t\t\t\t<div class=\"elementor-widget-container\">\n\t\t\t\t\t\t\t\t\t<div class=\"elementor-button-wrapper\">\n\t\t\t\t\t<a class=\"elementor-button elementor-button-link elementor-size-sm elementor-animation-grow\" href=\"https:\/\/www.888sp.com\/it\/richiesta-informazioni-mastro\/\">\n\t\t\t\t\t\t<span class=\"elementor-button-content-wrapper\">\n\t\t\t\t\t\t\t\t\t<span class=\"elementor-button-text\">Chiedi informazioni<\/span>\n\t\t\t\t\t<\/span>\n\t\t\t\t\t<\/a>\n\t\t\t\t<\/div>\n\t\t\t\t\t\t\t\t<\/div>\n\t\t\t\t<\/div>\n\t\t\t\t<\/div>\n\t\t<div class=\"elementor-element elementor-element-131add21 e-con-full e-flex e-con e-child\" data-id=\"131add21\" data-element_type=\"container\" data-e-type=\"container\">\n\t\t\t\t<\/div>\n\t\t\t\t\t<\/div>\n\t\t\t\t<\/div>\n\t\t<div class=\"elementor-element elementor-element-7b88117 e-flex e-con-boxed e-con e-parent\" data-id=\"7b88117\" data-element_type=\"container\" data-e-type=\"container\">\n\t\t\t\t\t<div class=\"e-con-inner\">\n\t\t<div class=\"elementor-element elementor-element-84076ff e-con-full e-flex e-con e-child\" data-id=\"84076ff\" data-element_type=\"container\" data-e-type=\"container\">\n\t\t\t\t<\/div>\n\t\t\t\t\t<\/div>\n\t\t\t\t<\/div>\n\t\t\t\t<\/div>\n\t\t","protected":false},"excerpt":{"rendered":"<p>MASTRO 6KArea SpecialisticaClicca qui Home \/ Mastro 6K \/ Area Specialistica Contattaci Pi\u00f9 produttivit\u00e0, meno stress. Mastro 6K ti offre tutti gli strumenti per ottimizzare il tuo business. Scopri come [&hellip;]<\/p>\n","protected":false},"author":3,"featured_media":0,"parent":0,"menu_order":0,"comment_status":"closed","ping_status":"closed","template":"page-elementor-full.php","meta":{"om_disable_all_campaigns":false,"_uag_custom_page_level_css":"","ghostkit_customizer_options":"","ghostkit_custom_css":"","ghostkit_custom_js_head":"","ghostkit_custom_js_foot":"","ghostkit_typography":"","_monsterinsights_skip_tracking":false,"_monsterinsights_sitenote_active":false,"_monsterinsights_sitenote_note":"","_monsterinsights_sitenote_category":0,"footnotes":""},"class_list":["post-48862","page","type-page","status-publish","hentry"],"aioseo_notices":[],"uagb_featured_image_src":{"full":false,"thumbnail":false,"medium":false,"medium_large":false,"large":false,"1536x1536":false,"2048x2048":false,"post-thumbnail":false,"blog-thumb":false,"single-thumb":false,"portfolio":false,"portfolio-one-col":false,"portfolio-two-col":false,"portfolio-six-col":false,"services":false,"team":false,"loop-thumb":false,"masonry-thumb":false},"uagb_author_info":{"display_name":"Mariella","author_link":"https:\/\/www.888sp.com\/it\/author\/mariella\/"},"uagb_comment_info":0,"uagb_excerpt":"MASTRO 6KArea SpecialisticaClicca qui Home \/ Mastro 6K \/ Area Specialistica Contattaci Pi\u00f9 produttivit\u00e0, meno stress. Mastro 6K ti offre tutti gli strumenti per ottimizzare il tuo business. Scopri come [&hellip;]","_links":{"self":[{"href":"https:\/\/www.888sp.com\/it\/wp-json\/wp\/v2\/pages\/48862","targetHints":{"allow":["GET"]}}],"collection":[{"href":"https:\/\/www.888sp.com\/it\/wp-json\/wp\/v2\/pages"}],"about":[{"href":"https:\/\/www.888sp.com\/it\/wp-json\/wp\/v2\/types\/page"}],"author":[{"embeddable":true,"href":"https:\/\/www.888sp.com\/it\/wp-json\/wp\/v2\/users\/3"}],"replies":[{"embeddable":true,"href":"https:\/\/www.888sp.com\/it\/wp-json\/wp\/v2\/comments?post=48862"}],"version-history":[{"count":3,"href":"https:\/\/www.888sp.com\/it\/wp-json\/wp\/v2\/pages\/48862\/revisions"}],"predecessor-version":[{"id":49408,"href":"https:\/\/www.888sp.com\/it\/wp-json\/wp\/v2\/pages\/48862\/revisions\/49408"}],"wp:attachment":[{"href":"https:\/\/www.888sp.com\/it\/wp-json\/wp\/v2\/media?parent=48862"}],"curies":[{"name":"wp","href":"https:\/\/api.w.org\/{rel}","templated":true}]}}