{"id":49047,"date":"2025-01-29T10:28:26","date_gmt":"2025-01-29T09:28:26","guid":{"rendered":"https:\/\/www.888sp.com\/it\/richiesta-free-trial-mplan-copy\/"},"modified":"2025-01-29T17:18:51","modified_gmt":"2025-01-29T16:18:51","slug":"richiesta-free-trial-mplan","status":"publish","type":"page","link":"https:\/\/www.888sp.com\/it\/richiesta-free-trial-mplan\/","title":{"rendered":"Richiesta Free Trial mPlan 6K"},"content":{"rendered":"\t\t<div data-elementor-type=\"wp-page\" data-elementor-id=\"49047\" class=\"elementor elementor-49047\" data-elementor-post-type=\"page\">\n\t\t\t\t<div class=\"elementor-element elementor-element-a115b10 e-flex e-con-boxed e-con e-parent\" data-id=\"a115b10\" data-element_type=\"container\" data-e-type=\"container\">\n\t\t\t\t\t<div class=\"e-con-inner\">\n\t\t\t\t<div class=\"elementor-element elementor-element-df3fb8b elementor-widget elementor-widget-heading\" data-id=\"df3fb8b\" data-element_type=\"widget\" data-e-type=\"widget\" data-widget_type=\"heading.default\">\n\t\t\t\t<div class=\"elementor-widget-container\">\n\t\t\t\t\t<h2 class=\"elementor-heading-title elementor-size-default\">Prova mPlan 6K gratis per 1 mese!<\/h2>\t\t\t\t<\/div>\n\t\t\t\t<\/div>\n\t\t\t\t<div class=\"elementor-element elementor-element-05c082f elementor-widget elementor-widget-text-editor\" data-id=\"05c082f\" data-element_type=\"widget\" data-e-type=\"widget\" data-widget_type=\"text-editor.default\">\n\t\t\t\t<div class=\"elementor-widget-container\">\n\t\t\t\t\t\t\t\t\t<p style=\"text-align: center;\">Scopri com\u2019\u00e8 semplice e intuitivo l\u2019utilizzo di mPlan 6K sulla piattaforma che vuoi tu, <strong>macOS<\/strong> e <strong>Windows<\/strong>. <br \/>Compila il modulo e inizia il tuo periodo di prova del programma per 30 giorni.<\/p>\t\t\t\t\t\t\t\t<\/div>\n\t\t\t\t<\/div>\n\t\t\t\t\t<\/div>\n\t\t\t\t<\/div>\n\t\t<div class=\"elementor-element elementor-element-f6eeba1 e-flex e-con-boxed e-con e-parent\" data-id=\"f6eeba1\" data-element_type=\"container\" data-e-type=\"container\">\n\t\t\t\t\t<div class=\"e-con-inner\">\n\t\t<div class=\"elementor-element elementor-element-2a04aeb e-con-full e-flex e-con e-child\" data-id=\"2a04aeb\" data-element_type=\"container\" data-e-type=\"container\">\n\t\t\t\t<div class=\"elementor-element elementor-element-aaa4a67 elementor-invisible elementor-widget elementor-widget-image\" data-id=\"aaa4a67\" data-element_type=\"widget\" data-e-type=\"widget\" data-settings=\"{&quot;_animation&quot;:&quot;zoomInLeft&quot;}\" data-widget_type=\"image.default\">\n\t\t\t\t<div class=\"elementor-widget-container\">\n\t\t\t\t\t\t\t\t\t\t\t\t\t\t\t<img fetchpriority=\"high\" decoding=\"async\" width=\"300\" height=\"264\" src=\"https:\/\/www.888sp.com\/it\/wp-content\/uploads\/2024\/09\/Free_Trial_5K-300x264.webp\" class=\"attachment-medium size-medium wp-image-41191\" alt=\"\" srcset=\"https:\/\/www.888sp.com\/it\/wp-content\/uploads\/2024\/09\/Free_Trial_5K-300x264.webp 300w, https:\/\/www.888sp.com\/it\/wp-content\/uploads\/2024\/09\/Free_Trial_5K.webp 715w\" sizes=\"(max-width: 300px) 100vw, 300px\" \/>\t\t\t\t\t\t\t\t\t\t\t\t\t\t\t<\/div>\n\t\t\t\t<\/div>\n\t\t\t\t<\/div>\n\t\t<div class=\"elementor-element elementor-element-e0ad767 e-con-full e-flex e-con e-child\" data-id=\"e0ad767\" data-element_type=\"container\" data-e-type=\"container\">\n\t\t\t\t<div class=\"elementor-element elementor-element-36e82e3 elementor-button-align-stretch elementor-widget elementor-widget-form\" data-id=\"36e82e3\" data-element_type=\"widget\" data-e-type=\"widget\" data-settings=\"{&quot;step_next_label&quot;:&quot;Successivo&quot;,&quot;step_previous_label&quot;:&quot;Precedente&quot;,&quot;button_width&quot;:&quot;50&quot;,&quot;step_type&quot;:&quot;number_text&quot;,&quot;step_icon_shape&quot;:&quot;circle&quot;}\" data-widget_type=\"form.default\">\n\t\t\t\t<div class=\"elementor-widget-container\">\n\t\t\t\t\t\t\t<form class=\"elementor-form\" method=\"post\" id=\"MP6K_FREE_TRIAL\" name=\"Modulo richiesta Free Trial\" aria-label=\"Modulo richiesta Free Trial\">\n\t\t\t<input type=\"hidden\" name=\"post_id\" value=\"49047\"\/>\n\t\t\t<input type=\"hidden\" name=\"form_id\" value=\"36e82e3\"\/>\n\t\t\t<input type=\"hidden\" name=\"referer_title\" value=\"Richiesta Free Trial mPlan 6K - 888 Software Products\" \/>\n\n\t\t\t\t\t\t\t<input type=\"hidden\" name=\"queried_id\" value=\"49047\"\/>\n\t\t\t\n\t\t\t<div class=\"elementor-form-fields-wrapper elementor-labels-above\">\n\t\t\t\t\t\t\t\t<div class=\"elementor-field-type-text elementor-field-group elementor-column elementor-field-group-name elementor-col-100 elementor-field-required\">\n\t\t\t\t\t\t\t\t\t\t\t\t<label for=\"form-field-name\" class=\"elementor-field-label\">\n\t\t\t\t\t\t\t\tRagione Sociale*\t\t\t\t\t\t\t<\/label>\n\t\t\t\t\t\t\t\t\t\t\t\t\t\t<input size=\"1\" type=\"text\" name=\"form_fields[name]\" id=\"form-field-name\" class=\"elementor-field elementor-size-sm  elementor-field-textual\" placeholder=\"Nome Impresa, Studio, Ente, ...\" required=\"required\">\n\t\t\t\t\t\t\t\t\t\t\t<\/div>\n\t\t\t\t\t\t\t\t<div class=\"elementor-field-type-text elementor-field-group elementor-column elementor-field-group-field_15ddb04 elementor-col-40 elementor-field-required\">\n\t\t\t\t\t\t\t\t\t\t\t\t<label for=\"form-field-field_15ddb04\" class=\"elementor-field-label\">\n\t\t\t\t\t\t\t\tIndirizzo*\t\t\t\t\t\t\t<\/label>\n\t\t\t\t\t\t\t\t\t\t\t\t\t\t<input size=\"1\" type=\"text\" name=\"form_fields[field_15ddb04]\" id=\"form-field-field_15ddb04\" class=\"elementor-field elementor-size-sm  elementor-field-textual\" placeholder=\"Via\/piazza e civico\" required=\"required\">\n\t\t\t\t\t\t\t\t\t\t\t<\/div>\n\t\t\t\t\t\t\t\t<div class=\"elementor-field-type-text elementor-field-group elementor-column elementor-field-group-field_ef32c38 elementor-col-40 elementor-field-required\">\n\t\t\t\t\t\t\t\t\t\t\t\t<label for=\"form-field-field_ef32c38\" class=\"elementor-field-label\">\n\t\t\t\t\t\t\t\tCitt\u00e0*\t\t\t\t\t\t\t<\/label>\n\t\t\t\t\t\t\t\t\t\t\t\t\t\t<input size=\"1\" type=\"text\" name=\"form_fields[field_ef32c38]\" id=\"form-field-field_ef32c38\" class=\"elementor-field elementor-size-sm  elementor-field-textual\" placeholder=\"Citt\u00e0\" required=\"required\">\n\t\t\t\t\t\t\t\t\t\t\t<\/div>\n\t\t\t\t\t\t\t\t<div class=\"elementor-field-type-text elementor-field-group elementor-column elementor-field-group-field_ee84a39 elementor-col-20 elementor-field-required\">\n\t\t\t\t\t\t\t\t\t\t\t\t<label for=\"form-field-field_ee84a39\" class=\"elementor-field-label\">\n\t\t\t\t\t\t\t\tProvincia*\t\t\t\t\t\t\t<\/label>\n\t\t\t\t\t\t\t\t\t\t\t\t\t\t<input size=\"1\" type=\"text\" name=\"form_fields[field_ee84a39]\" id=\"form-field-field_ee84a39\" class=\"elementor-field elementor-size-sm  elementor-field-textual\" placeholder=\"Prov.\" required=\"required\">\n\t\t\t\t\t\t\t\t\t\t\t<\/div>\n\t\t\t\t\t\t\t\t<div class=\"elementor-field-type-text elementor-field-group elementor-column elementor-field-group-field_0d6407a elementor-col-50 elementor-field-required\">\n\t\t\t\t\t\t\t\t\t\t\t\t<label for=\"form-field-field_0d6407a\" class=\"elementor-field-label\">\n\t\t\t\t\t\t\t\tNome*\t\t\t\t\t\t\t<\/label>\n\t\t\t\t\t\t\t\t\t\t\t\t\t\t<input size=\"1\" type=\"text\" name=\"form_fields[field_0d6407a]\" id=\"form-field-field_0d6407a\" class=\"elementor-field elementor-size-sm  elementor-field-textual\" placeholder=\"Nome\" required=\"required\">\n\t\t\t\t\t\t\t\t\t\t\t<\/div>\n\t\t\t\t\t\t\t\t<div class=\"elementor-field-type-text elementor-field-group elementor-column elementor-field-group-field_21072a7 elementor-col-50 elementor-field-required\">\n\t\t\t\t\t\t\t\t\t\t\t\t<label for=\"form-field-field_21072a7\" class=\"elementor-field-label\">\n\t\t\t\t\t\t\t\tCognome*\t\t\t\t\t\t\t<\/label>\n\t\t\t\t\t\t\t\t\t\t\t\t\t\t<input size=\"1\" type=\"text\" name=\"form_fields[field_21072a7]\" id=\"form-field-field_21072a7\" class=\"elementor-field elementor-size-sm  elementor-field-textual\" placeholder=\"Cognome\" required=\"required\">\n\t\t\t\t\t\t\t\t\t\t\t<\/div>\n\t\t\t\t\t\t\t\t<div class=\"elementor-field-type-number elementor-field-group elementor-column elementor-field-group-email elementor-col-50 elementor-field-required\">\n\t\t\t\t\t\t\t\t\t\t\t\t<label for=\"form-field-email\" class=\"elementor-field-label\">\n\t\t\t\t\t\t\t\tTelefono*\t\t\t\t\t\t\t<\/label>\n\t\t\t\t\t\t\t\t\t<input type=\"number\" name=\"form_fields[email]\" id=\"form-field-email\" class=\"elementor-field elementor-size-sm  elementor-field-textual\" placeholder=\"Nr. fisso o mobile\" required=\"required\" min=\"\" max=\"\" >\n\t\t\t\t\t\t<\/div>\n\t\t\t\t\t\t\t\t<div class=\"elementor-field-type-email elementor-field-group elementor-column elementor-field-group-field_a3d4c9a elementor-col-50 elementor-field-required\">\n\t\t\t\t\t\t\t\t\t\t\t\t<label for=\"form-field-field_a3d4c9a\" class=\"elementor-field-label\">\n\t\t\t\t\t\t\t\tEmail*\t\t\t\t\t\t\t<\/label>\n\t\t\t\t\t\t\t\t\t\t\t\t\t\t<input size=\"1\" type=\"email\" name=\"form_fields[field_a3d4c9a]\" id=\"form-field-field_a3d4c9a\" class=\"elementor-field elementor-size-sm  elementor-field-textual\" placeholder=\"Email\" required=\"required\">\n\t\t\t\t\t\t\t\t\t\t\t<\/div>\n\t\t\t\t\t\t\t\t<div class=\"elementor-field-type-radio elementor-field-group elementor-column elementor-field-group-field_feadf2e elementor-col-100 elementor-field-required\">\n\t\t\t\t\t\t\t\t\t\t\t\t<label for=\"form-field-field_feadf2e\" class=\"elementor-field-label\">\n\t\t\t\t\t\t\t\tSistema operativo in uso*\t\t\t\t\t\t\t<\/label>\n\t\t\t\t\t\t<div class=\"elementor-field-subgroup  \"><span class=\"elementor-field-option\"><input type=\"radio\" value=\"macOS\" id=\"form-field-field_feadf2e-0\" name=\"form_fields[field_feadf2e]\" required=\"required\"> <label for=\"form-field-field_feadf2e-0\">macOS<\/label><\/span><span class=\"elementor-field-option\"><input type=\"radio\" value=\"Windows\" id=\"form-field-field_feadf2e-1\" name=\"form_fields[field_feadf2e]\" required=\"required\"> <label for=\"form-field-field_feadf2e-1\">Windows<\/label><\/span><\/div>\t\t\t\t<\/div>\n\t\t\t\t\t\t\t\t<div class=\"elementor-field-type-acceptance elementor-field-group elementor-column elementor-field-group-field_ded2546 elementor-col-100 elementor-field-required\">\n\t\t\t\t\t\t\t<div class=\"elementor-field-subgroup\">\n\t\t\t<span class=\"elementor-field-option\">\n\t\t\t\t<input type=\"checkbox\" name=\"form_fields[field_ded2546]\" id=\"form-field-field_ded2546\" class=\"elementor-field elementor-size-sm  elementor-acceptance-field\" required=\"required\">\n\t\t\t\t<label for=\"form-field-field_ded2546\">Desidero ricevere la vostra newsletter (informazioni aggiornate su software\/servizi e offerte speciali)<\/label>\t\t\t<\/span>\n\t\t<\/div>\n\t\t\t\t\t\t<\/div>\n\t\t\t\t\t\t\t\t<div class=\"elementor-field-type-acceptance elementor-field-group elementor-column elementor-field-group-field_1badf28 elementor-col-100 elementor-field-required\">\n\t\t\t\t\t\t\t<div class=\"elementor-field-subgroup\">\n\t\t\t<span class=\"elementor-field-option\">\n\t\t\t\t<input type=\"checkbox\" name=\"form_fields[field_1badf28]\" id=\"form-field-field_1badf28\" class=\"elementor-field elementor-size-sm  elementor-acceptance-field\" required=\"required\">\n\t\t\t\t<label for=\"form-field-field_1badf28\">Ho letto e accetto le <a href=\"https:\/\/www.888sp.com\/infolegali\/pdf\/888SP_Condizioni_Generali_Uso_Sito_web.pdf\">Condizioni Generali d'Uso del Sito web (CGUS)<\/a> e la <a href=\"https:\/\/www.888sp.com\/infolegali\/pdf\/888SP_Politica_Privacy_Informativa.pdf\"> Politica di tutela della Privacy di 888SP<\/a><\/label>\t\t\t<\/span>\n\t\t<\/div>\n\t\t\t\t\t\t<\/div>\n\t\t\t\t\t\t\t\t<div class=\"elementor-field-type-recaptcha_v3 elementor-field-group elementor-column elementor-field-group-field_54d0297 elementor-col-100 recaptcha_v3-bottomright\">\n\t\t\t\t\t<div class=\"elementor-field\" id=\"form-field-field_54d0297\"><div class=\"elementor-g-recaptcha\" data-sitekey=\"6Lc4zgopAAAAAHN7NvXkK1_HmCtZ7fD0qpndTwxc\" data-type=\"v3\" data-action=\"Form\" data-badge=\"bottomright\" data-size=\"invisible\"><\/div><\/div>\t\t\t\t<\/div>\n\t\t\t\t\t\t\t\t<div class=\"elementor-field-group elementor-column elementor-field-type-submit elementor-col-50 e-form__buttons\">\n\t\t\t\t\t<button class=\"elementor-button elementor-size-md elementor-animation-grow\" type=\"submit\">\n\t\t\t\t\t\t<span class=\"elementor-button-content-wrapper\">\n\t\t\t\t\t\t\t\t\t\t\t\t\t\t\t\t\t\t\t\t\t\t<span class=\"elementor-button-text\">Invia richiesta<\/span>\n\t\t\t\t\t\t\t\t\t\t\t\t\t<\/span>\n\t\t\t\t\t<\/button>\n\t\t\t\t<\/div>\n\t\t\t<\/div>\n\t\t<\/form>\n\t\t\t\t\t\t<\/div>\n\t\t\t\t<\/div>\n\t\t\t\t<div class=\"elementor-element elementor-element-5927f7b elementor-widget elementor-widget-text-editor\" data-id=\"5927f7b\" data-element_type=\"widget\" data-e-type=\"widget\" data-widget_type=\"text-editor.default\">\n\t\t\t\t<div class=\"elementor-widget-container\">\n\t\t\t\t\t\t\t\t\t<p>*Campi obbligatori<\/p>\t\t\t\t\t\t\t\t<\/div>\n\t\t\t\t<\/div>\n\t\t\t\t<\/div>\n\t\t\t\t\t<\/div>\n\t\t\t\t<\/div>\n\t\t<div class=\"elementor-element elementor-element-d5109ae e-flex e-con-boxed e-con e-parent\" data-id=\"d5109ae\" data-element_type=\"container\" data-e-type=\"container\">\n\t\t\t\t\t<div class=\"e-con-inner\">\n\t\t<div class=\"elementor-element elementor-element-e23eeda e-con-full e-flex elementor-invisible e-con e-child\" data-id=\"e23eeda\" data-element_type=\"container\" data-e-type=\"container\" data-settings=\"{&quot;animation&quot;:&quot;bounceInDown&quot;,&quot;animation_delay&quot;:200}\">\n\t\t\t\t<div class=\"elementor-element elementor-element-d2bf14e elementor-view-default elementor-position-block-start elementor-mobile-position-block-start elementor-widget elementor-widget-icon-box\" data-id=\"d2bf14e\" data-element_type=\"widget\" data-e-type=\"widget\" data-widget_type=\"icon-box.default\">\n\t\t\t\t<div class=\"elementor-widget-container\">\n\t\t\t\t\t\t\t<div class=\"elementor-icon-box-wrapper\">\n\n\t\t\t\t\t\t<div class=\"elementor-icon-box-icon\">\n\t\t\t\t<span  class=\"elementor-icon\">\n\t\t\t\t<svg aria-hidden=\"true\" class=\"e-font-icon-svg e-far-calendar-alt\" viewBox=\"0 0 448 512\" xmlns=\"http:\/\/www.w3.org\/2000\/svg\"><path d=\"M148 288h-40c-6.6 0-12-5.4-12-12v-40c0-6.6 5.4-12 12-12h40c6.6 0 12 5.4 12 12v40c0 6.6-5.4 12-12 12zm108-12v-40c0-6.6-5.4-12-12-12h-40c-6.6 0-12 5.4-12 12v40c0 6.6 5.4 12 12 12h40c6.6 0 12-5.4 12-12zm96 0v-40c0-6.6-5.4-12-12-12h-40c-6.6 0-12 5.4-12 12v40c0 6.6 5.4 12 12 12h40c6.6 0 12-5.4 12-12zm-96 96v-40c0-6.6-5.4-12-12-12h-40c-6.6 0-12 5.4-12 12v40c0 6.6 5.4 12 12 12h40c6.6 0 12-5.4 12-12zm-96 0v-40c0-6.6-5.4-12-12-12h-40c-6.6 0-12 5.4-12 12v40c0 6.6 5.4 12 12 12h40c6.6 0 12-5.4 12-12zm192 0v-40c0-6.6-5.4-12-12-12h-40c-6.6 0-12 5.4-12 12v40c0 6.6 5.4 12 12 12h40c6.6 0 12-5.4 12-12zm96-260v352c0 26.5-21.5 48-48 48H48c-26.5 0-48-21.5-48-48V112c0-26.5 21.5-48 48-48h48V12c0-6.6 5.4-12 12-12h40c6.6 0 12 5.4 12 12v52h128V12c0-6.6 5.4-12 12-12h40c6.6 0 12 5.4 12 12v52h48c26.5 0 48 21.5 48 48zm-48 346V160H48v298c0 3.3 2.7 6 6 6h340c3.3 0 6-2.7 6-6z\"><\/path><\/svg>\t\t\t\t<\/span>\n\t\t\t<\/div>\n\t\t\t\n\t\t\t\t\t\t<div class=\"elementor-icon-box-content\">\n\n\t\t\t\t\t\t\t\t\t<p class=\"elementor-icon-box-title\">\n\t\t\t\t\t\t<span  >\n\t\t\t\t\t\t\tFree Trial gi\u00e0 attivo per 1 mese.\t\t\t\t\t\t<\/span>\n\t\t\t\t\t<\/p>\n\t\t\t\t\n\t\t\t\t\t\t\t\t\t<p class=\"elementor-icon-box-description\">\n\t\t\t\t\t\tCompila il modulo e ricevi via email le credenziali per usare GRATIS la licenza di mPlan 6K, che risulta gi\u00e0 attiva per 1 mese.\nAl termine del periodo, il software si disattiva automaticamente.\n\t\t\t\t\t<\/p>\n\t\t\t\t\n\t\t\t<\/div>\n\t\t\t\n\t\t<\/div>\n\t\t\t\t\t\t<\/div>\n\t\t\t\t<\/div>\n\t\t\t\t<\/div>\n\t\t<div class=\"elementor-element elementor-element-0514444 e-con-full e-flex elementor-invisible e-con e-child\" data-id=\"0514444\" data-element_type=\"container\" data-e-type=\"container\" data-settings=\"{&quot;animation&quot;:&quot;bounceInDown&quot;,&quot;animation_delay&quot;:400}\">\n\t\t\t\t<div class=\"elementor-element elementor-element-9aea66b elementor-view-default elementor-position-block-start elementor-mobile-position-block-start elementor-widget elementor-widget-icon-box\" data-id=\"9aea66b\" data-element_type=\"widget\" data-e-type=\"widget\" data-widget_type=\"icon-box.default\">\n\t\t\t\t<div class=\"elementor-widget-container\">\n\t\t\t\t\t\t\t<div class=\"elementor-icon-box-wrapper\">\n\n\t\t\t\t\t\t<div class=\"elementor-icon-box-icon\">\n\t\t\t\t<span  class=\"elementor-icon\">\n\t\t\t\t<svg aria-hidden=\"true\" class=\"e-font-icon-svg e-fas-chalkboard-teacher\" viewBox=\"0 0 640 512\" xmlns=\"http:\/\/www.w3.org\/2000\/svg\"><path d=\"M208 352c-2.39 0-4.78.35-7.06 1.09C187.98 357.3 174.35 360 160 360c-14.35 0-27.98-2.7-40.95-6.91-2.28-.74-4.66-1.09-7.05-1.09C49.94 352-.33 402.48 0 464.62.14 490.88 21.73 512 48 512h224c26.27 0 47.86-21.12 48-47.38.33-62.14-49.94-112.62-112-112.62zm-48-32c53.02 0 96-42.98 96-96s-42.98-96-96-96-96 42.98-96 96 42.98 96 96 96zM592 0H208c-26.47 0-48 22.25-48 49.59V96c23.42 0 45.1 6.78 64 17.8V64h352v288h-64v-64H384v64h-76.24c19.1 16.69 33.12 38.73 39.69 64H592c26.47 0 48-22.25 48-49.59V49.59C640 22.25 618.47 0 592 0z\"><\/path><\/svg>\t\t\t\t<\/span>\n\t\t\t<\/div>\n\t\t\t\n\t\t\t\t\t\t<div class=\"elementor-icon-box-content\">\n\n\t\t\t\t\t\t\t\t\t<p class=\"elementor-icon-box-title\">\n\t\t\t\t\t\t<span  >\n\t\t\t\t\t\t\tAmpio supporto a costo zero.\t\t\t\t\t\t<\/span>\n\t\t\t\t\t<\/p>\n\t\t\t\t\n\t\t\t\t\t\t\t\t\t<p class=\"elementor-icon-box-description\">\n\t\t\t\t\t\tAccedi per l'intera durata del periodo al materiale riservato agli utilizzatori del software. In pi\u00f9 puoi chiedere l'assistenza dei nostri tecnici tramite\nl\u2019apertura di ticket online a <a href=\"https:\/\/www.888sp.com\/it\/ticket\/\">questo link<\/a>.\t\t\t\t\t<\/p>\n\t\t\t\t\n\t\t\t<\/div>\n\t\t\t\n\t\t<\/div>\n\t\t\t\t\t\t<\/div>\n\t\t\t\t<\/div>\n\t\t\t\t<\/div>\n\t\t<div class=\"elementor-element elementor-element-ba7ebea e-con-full e-flex elementor-invisible e-con e-child\" data-id=\"ba7ebea\" data-element_type=\"container\" data-e-type=\"container\" data-settings=\"{&quot;animation&quot;:&quot;bounceInDown&quot;,&quot;animation_delay&quot;:600}\">\n\t\t\t\t<div class=\"elementor-element elementor-element-9080d3f elementor-view-default elementor-position-block-start elementor-mobile-position-block-start elementor-widget elementor-widget-icon-box\" data-id=\"9080d3f\" data-element_type=\"widget\" data-e-type=\"widget\" data-widget_type=\"icon-box.default\">\n\t\t\t\t<div class=\"elementor-widget-container\">\n\t\t\t\t\t\t\t<div class=\"elementor-icon-box-wrapper\">\n\n\t\t\t\t\t\t<div class=\"elementor-icon-box-icon\">\n\t\t\t\t<span  class=\"elementor-icon\">\n\t\t\t\t<svg aria-hidden=\"true\" class=\"e-font-icon-svg e-fas-border-style\" viewBox=\"0 0 448 512\" xmlns=\"http:\/\/www.w3.org\/2000\/svg\"><path d=\"M240 416h-32a16 16 0 0 0-16 16v32a16 16 0 0 0 16 16h32a16 16 0 0 0 16-16v-32a16 16 0 0 0-16-16zm-96 0h-32a16 16 0 0 0-16 16v32a16 16 0 0 0 16 16h32a16 16 0 0 0 16-16v-32a16 16 0 0 0-16-16zm192 0h-32a16 16 0 0 0-16 16v32a16 16 0 0 0 16 16h32a16 16 0 0 0 16-16v-32a16 16 0 0 0-16-16zm96-192h-32a16 16 0 0 0-16 16v32a16 16 0 0 0 16 16h32a16 16 0 0 0 16-16v-32a16 16 0 0 0-16-16zm0 96h-32a16 16 0 0 0-16 16v32a16 16 0 0 0 16 16h32a16 16 0 0 0 16-16v-32a16 16 0 0 0-16-16zm0 96h-32a16 16 0 0 0-16 16v32a16 16 0 0 0 16 16h32a16 16 0 0 0 16-16v-32a16 16 0 0 0-16-16zm0-288h-32a16 16 0 0 0-16 16v32a16 16 0 0 0 16 16h32a16 16 0 0 0 16-16v-32a16 16 0 0 0-16-16zm0-96H32A32 32 0 0 0 0 64v400a16 16 0 0 0 16 16h32a16 16 0 0 0 16-16V96h368a16 16 0 0 0 16-16V48a16 16 0 0 0-16-16z\"><\/path><\/svg>\t\t\t\t<\/span>\n\t\t\t<\/div>\n\t\t\t\n\t\t\t\t\t\t<div class=\"elementor-icon-box-content\">\n\n\t\t\t\t\t\t\t\t\t<p class=\"elementor-icon-box-title\">\n\t\t\t\t\t\t<span  >\n\t\t\t\t\t\t\tExtra non inclusi.\t\t\t\t\t\t<\/span>\n\t\t\t\t\t<\/p>\n\t\t\t\t\n\t\t\t\t\t\t\t\t\t<p class=\"elementor-icon-box-description\">\n\t\t\t\t\t\tLa versione trial di mPlan 6K NON prevede:<br>\n\n- la produzione delle stampe;<br>\n- l'integrazione con altri software 6K.<br>\t\t\t\t\t<\/p>\n\t\t\t\t\n\t\t\t<\/div>\n\t\t\t\n\t\t<\/div>\n\t\t\t\t\t\t<\/div>\n\t\t\t\t<\/div>\n\t\t\t\t<\/div>\n\t\t\t\t\t<\/div>\n\t\t\t\t<\/div>\n\t\t<div class=\"elementor-element elementor-element-c072484 e-flex e-con-boxed e-con e-parent\" data-id=\"c072484\" data-element_type=\"container\" data-e-type=\"container\">\n\t\t\t\t\t<div class=\"e-con-inner\">\n\t\t<div class=\"elementor-element elementor-element-b481f2f e-con-full e-flex elementor-invisible e-con e-child\" data-id=\"b481f2f\" data-element_type=\"container\" data-e-type=\"container\" data-settings=\"{&quot;animation&quot;:&quot;fadeIn&quot;}\">\n\t\t\t\t<div class=\"elementor-element elementor-element-42fa79c elementor-widget elementor-widget-heading\" data-id=\"42fa79c\" data-element_type=\"widget\" data-e-type=\"widget\" data-widget_type=\"heading.default\">\n\t\t\t\t<div class=\"elementor-widget-container\">\n\t\t\t\t\t<p class=\"elementor-heading-title elementor-size-default\">Vuoi una presentazione <\/br>\npersonalizzata?<\/p>\t\t\t\t<\/div>\n\t\t\t\t<\/div>\n\t\t\t\t<div class=\"elementor-element elementor-element-9936d05 elementor-widget elementor-widget-text-editor\" data-id=\"9936d05\" data-element_type=\"widget\" data-e-type=\"widget\" data-widget_type=\"text-editor.default\">\n\t\t\t\t<div class=\"elementor-widget-container\">\n\t\t\t\t\t\t\t\t\t<p>Contattaci allo <strong>0425 471240<\/strong> oppure scrivi un\u2019email a\u00a0<a href=\"mailto:commerciale@888sp.it\">commerciale@888sp.it<\/a> per chiedere una <strong>demo online<\/strong>. Comunicaci le tue esigenze e organizzeremo un incontro via Teams <em>ad hoc<\/em> per te con un nostro esperto, che ti dimostrer\u00e0 nel dettaglio le funzionalit\u00e0 di tue interesse e configurer\u00e0 la soluzione su misura per te.<\/p>\t\t\t\t\t\t\t\t<\/div>\n\t\t\t\t<\/div>\n\t\t\t\t<\/div>\n\t\t<div class=\"elementor-element elementor-element-0a6cc0f e-con-full e-flex e-con e-child\" data-id=\"0a6cc0f\" data-element_type=\"container\" data-e-type=\"container\">\n\t\t\t\t<div class=\"elementor-element elementor-element-f2cb8d6 animated-fast elementor-invisible elementor-widget elementor-widget-image\" data-id=\"f2cb8d6\" data-element_type=\"widget\" data-e-type=\"widget\" data-settings=\"{&quot;_animation&quot;:&quot;flash&quot;}\" data-widget_type=\"image.default\">\n\t\t\t\t<div class=\"elementor-widget-container\">\n\t\t\t\t\t\t\t\t\t\t\t\t\t\t\t<img decoding=\"async\" width=\"600\" height=\"420\" src=\"https:\/\/www.888sp.com\/it\/wp-content\/uploads\/2024\/09\/CONTATTACI.png\" class=\"attachment-medium_large size-medium_large wp-image-41238\" alt=\"\" srcset=\"https:\/\/www.888sp.com\/it\/wp-content\/uploads\/2024\/09\/CONTATTACI.png 768w, https:\/\/www.888sp.com\/it\/wp-content\/uploads\/2024\/09\/CONTATTACI-300x210.png 300w\" sizes=\"(max-width: 600px) 100vw, 600px\" \/>\t\t\t\t\t\t\t\t\t\t\t\t\t\t\t<\/div>\n\t\t\t\t<\/div>\n\t\t\t\t<\/div>\n\t\t\t\t\t<\/div>\n\t\t\t\t<\/div>\n\t\t<div class=\"elementor-element elementor-element-e050214 e-flex e-con-boxed e-con e-parent\" data-id=\"e050214\" data-element_type=\"container\" data-e-type=\"container\">\n\t\t\t\t\t<div class=\"e-con-inner\">\n\t\t\t\t\t<\/div>\n\t\t\t\t<\/div>\n\t\t\t\t<\/div>\n\t\t","protected":false},"excerpt":{"rendered":"<p>Prova mPlan 6K gratis per 1 mese! Scopri com\u2019\u00e8 semplice e intuitivo l\u2019utilizzo di mPlan 6K sulla piattaforma che vuoi tu, macOS e Windows. Compila il modulo e inizia il [&hellip;]<\/p>\n","protected":false},"author":3,"featured_media":0,"parent":0,"menu_order":0,"comment_status":"closed","ping_status":"closed","template":"page-elementor-full.php","meta":{"om_disable_all_campaigns":false,"_uag_custom_page_level_css":"","ghostkit_customizer_options":"","ghostkit_custom_css":"","ghostkit_custom_js_head":"","ghostkit_custom_js_foot":"","ghostkit_typography":"","_monsterinsights_skip_tracking":false,"_monsterinsights_sitenote_active":false,"_monsterinsights_sitenote_note":"","_monsterinsights_sitenote_category":0,"footnotes":""},"class_list":["post-49047","page","type-page","status-publish","hentry"],"aioseo_notices":[],"uagb_featured_image_src":{"full":false,"thumbnail":false,"medium":false,"medium_large":false,"large":false,"1536x1536":false,"2048x2048":false,"post-thumbnail":false,"blog-thumb":false,"single-thumb":false,"portfolio":false,"portfolio-one-col":false,"portfolio-two-col":false,"portfolio-six-col":false,"services":false,"team":false,"loop-thumb":false,"masonry-thumb":false},"uagb_author_info":{"display_name":"Mariella","author_link":"https:\/\/www.888sp.com\/it\/author\/mariella\/"},"uagb_comment_info":0,"uagb_excerpt":"Prova mPlan 6K gratis per 1 mese! Scopri com\u2019\u00e8 semplice e intuitivo l\u2019utilizzo di mPlan 6K sulla piattaforma che vuoi tu, macOS e Windows. Compila il modulo e inizia il [&hellip;]","_links":{"self":[{"href":"https:\/\/www.888sp.com\/it\/wp-json\/wp\/v2\/pages\/49047","targetHints":{"allow":["GET"]}}],"collection":[{"href":"https:\/\/www.888sp.com\/it\/wp-json\/wp\/v2\/pages"}],"about":[{"href":"https:\/\/www.888sp.com\/it\/wp-json\/wp\/v2\/types\/page"}],"author":[{"embeddable":true,"href":"https:\/\/www.888sp.com\/it\/wp-json\/wp\/v2\/users\/3"}],"replies":[{"embeddable":true,"href":"https:\/\/www.888sp.com\/it\/wp-json\/wp\/v2\/comments?post=49047"}],"version-history":[{"count":3,"href":"https:\/\/www.888sp.com\/it\/wp-json\/wp\/v2\/pages\/49047\/revisions"}],"predecessor-version":[{"id":49241,"href":"https:\/\/www.888sp.com\/it\/wp-json\/wp\/v2\/pages\/49047\/revisions\/49241"}],"wp:attachment":[{"href":"https:\/\/www.888sp.com\/it\/wp-json\/wp\/v2\/media?parent=49047"}],"curies":[{"name":"wp","href":"https:\/\/api.w.org\/{rel}","templated":true}]}}